{"id":18725,"date":"2021-01-19T23:18:57","date_gmt":"2021-01-19T23:18:57","guid":{"rendered":"https:\/\/velvet-space.com\/coworking-faqs\/"},"modified":"2026-03-12T16:02:55","modified_gmt":"2026-03-12T16:02:55","slug":"coworking-faqs","status":"publish","type":"page","link":"https:\/\/velvet-space.com\/de\/coworking-faqs\/","title":{"rendered":"COWORKING FAQs"},"content":{"rendered":"<p>[vc_row css_animation=&#8220;&#8220; row_type=&#8220;row&#8220; use_row_as_full_screen_section=&#8220;no&#8220; type=&#8220;full_width&#8220; angled_section=&#8220;no&#8220; text_align=&#8220;left&#8220; background_image_as_pattern=&#8220;without_pattern&#8220;][vc_column css=&#8220;.vc_custom_1556629585167{padding-top: 3% !important;}&#8220;][vc_empty_space height=&#8220;30px&#8220;][vc_text_separator title=&#8220;COWORKING FAQs&#8220; css_animation=&#8220;zoomIn&#8220; border=&#8220;no&#8220; background_color=&#8220;#6e9077&#8243; title_color=&#8220;#fff8f0&#8243;][vc_empty_space height=&#8220;70px&#8220;][\/vc_column][\/vc_row][vc_row row_type=&#8220;parallax&#8220; parallax_content_width=&#8220;full_width&#8220; text_align=&#8220;left&#8220; full_screen_section_height=&#8220;yes&#8220; vertically_align_content_in_middle=&#8220;yes&#8220; parallax_speed=&#8220;1.5&#8243; parallax_side_padding=&#8220;100%&#8220; css=&#8220;.vc_custom_1582908838363{margin-bottom: 0px !important;border-bottom-width: 0px !important;padding-bottom: 0px !important;}&#8220;][vc_column css_animation=&#8220;slideInDown&#8220; css=&#8220;.vc_custom_1582908813478{margin-top: 0px !important;border-top-width: 0px !important;padding-top: 0px !important;padding-right: 1% !important;background-image: url(https:\/\/velvet-space.com\/wp-content\/uploads\/2020\/02\/FAQ.jpg?id=17842) !important;background-position: 0 0 !important;background-repeat: repeat !important;}&#8220;][vc_row_inner row_type=&#8220;row&#8220; type=&#8220;full_width&#8220; text_align=&#8220;left&#8220; css_animation=&#8220;&#8220;][vc_column_inner width=&#8220;1\/6&#8243;][\/vc_column_inner][vc_column_inner width=&#8220;2\/3&#8243; css=&#8220;.vc_custom_1582908355993{padding-top: 10% !important;padding-right: 10% !important;padding-bottom: 10% !important;padding-left: 10% !important;background-color: #fff8f0 !important;}&#8220;][vc_column_text]<\/p>\n<h5 class=\"p1\" style=\"text-align: left;\"><span class=\"s1\">1. IST KAFFEE IM PREIS INBEGRIFFEN?<\/span><\/h5>\n<p>[\/vc_column_text][vc_separator css_animation=&#8220;slideInLeft&#8220; type=&#8220;small&#8220; position=&#8220;left&#8220; color=&#8220;#c4a747&#8243; transparency=&#8220;8&#8243; thickness=&#8220;1&#8243; width=&#8220;70px&#8220;][vc_column_text]<\/p>\n<p class=\"p1\"><span class=\"s1\"><strong>B<\/strong>arista quality coffee, a selection of tea as well as water are always included.<\/span><\/p>\n<p>[\/vc_column_text][vc_empty_space height=&#8220;30px&#8220;][vc_column_text]<\/p>\n<h5 class=\"p1\"><span class=\"s1\">2. WAS BEINHALTEN EURE MITGLIEDSCHAFTEN?<\/span><\/h5>\n<p>[\/vc_column_text][vc_separator css_animation=&#8220;slideInLeft&#8220; type=&#8220;small&#8220; position=&#8220;left&#8220; color=&#8220;#c4a747&#8243; transparency=&#8220;8&#8243; thickness=&#8220;1&#8243; width=&#8220;70px&#8220;][vc_column_text]<br \/>\n<strong>N<\/strong>ebenkosten wie Strom, WLAN, regelm\u00e4\u00dfige B\u00fcroreinigung, ein Schl\u00fcssel, damit du 24\/7 Zugang hast, Drucken, Kaffee in Barista-Qualit\u00e4t, eine Auswahl an Teesorten, stilles und Sprudelwasser und Guthaben f\u00fcr unsere Besprechungsr\u00e4ume.<br \/>\n[\/vc_column_text][vc_empty_space height=&#8220;30px&#8220;][vc_column_text]<\/p>\n<h5 class=\"p1\"><span class=\"s1\">3. HABT IHR SOWAS WIE EINE ANMELDEGEB\u00dcHR F\u00dcR DEN ERSTEN MONAT?<\/span><\/h5>\n<p>[\/vc_column_text][vc_separator css_animation=&#8220;slideInLeft&#8220; type=&#8220;small&#8220; position=&#8220;left&#8220; color=&#8220;#c4a747&#8243; transparency=&#8220;8&#8243; thickness=&#8220;1&#8243; width=&#8220;70px&#8220;][vc_column_text]<br \/>\n<strong>N<\/strong>ein, bei uns gibt es keine versteckten Kosten, daher sind unsere Mitgliedschaften All-Inclusive sodass keine zus\u00e4tzliche Geb\u00fchren anfallen.<br \/>\n[\/vc_column_text][vc_empty_space height=&#8220;30px&#8220;][vc_column_text]<\/p>\n<h5 class=\"p1\"><span class=\"s1\">4. HABT IHR EINEN BILDSCHIRM, DEN ICH MIR AUSLEIHEN KANN?<\/span><\/h5>\n<p>[\/vc_column_text][vc_separator css_animation=&#8220;slideInLeft&#8220; type=&#8220;small&#8220; position=&#8220;left&#8220; color=&#8220;#c4a747&#8243; transparency=&#8220;8&#8243; thickness=&#8220;1&#8243; width=&#8220;70px&#8220;][vc_column_text]<\/p>\n<p class=\"p1\"><span class=\"s1\"><strong>J<\/strong>a wir haben ein paar vor Ort. Es gilt &#8222;first come, first serve&#8220;. Sprich uns einfach an \u2013 wir helfen dir gerne weite.<\/span><\/p>\n<p>[\/vc_column_text][vc_empty_space height=&#8220;30px&#8220;][vc_column_text]<\/p>\n<h5 class=\"p1\"><span class=\"s1\">5. WAS IST WENN ICH PLATZ BRAUCHE UM DOKUMENTE ZU LAGERN?<\/span><\/h5>\n<p>[\/vc_column_text][vc_separator css_animation=&#8220;slideInLeft&#8220; type=&#8220;small&#8220; position=&#8220;left&#8220; color=&#8220;#c4a747&#8243; transparency=&#8220;8&#8243; thickness=&#8220;1&#8243; width=&#8220;70px&#8220;][vc_column_text]<\/p>\n<p class=\"p1\"><span class=\"s1\"><strong><strong>D<\/strong>as sollte kein Problem sein, lass uns wissen, wie viel Platz du ben\u00f6tigst und wir finden sicher eine L\u00f6sung. <\/strong><\/span><\/p>\n<p>[\/vc_column_text][vc_empty_space height=&#8220;30px&#8220;][vc_column_text]<\/p>\n<h5 class=\"p1\"><span class=\"s1\">6. WAS MACHE ICH WENN ICH TELEFONIEREN MUSS?<\/span><\/h5>\n<p>[\/vc_column_text][vc_separator css_animation=&#8220;slideInLeft&#8220; type=&#8220;small&#8220; position=&#8220;left&#8220; color=&#8220;#c4a747&#8243; transparency=&#8220;8&#8243; thickness=&#8220;1&#8243; width=&#8220;70px&#8220;][vc_column_text]<br \/>\nGenerell ist es kein Problem, im Open Space in normaler Lautst\u00e4rke zu telefonieren. Wenn du aber Privatsph\u00e4re brauchst oder das Gef\u00fchl hast, jemanden zu st\u00f6ren, kannst du entweder kurz unseren Besprechungsraum oder unsere Telefonzellen im ersten Stock nutzen.<br \/>\n[\/vc_column_text][vc_empty_space height=&#8220;30px&#8220;][vc_column_text]<\/p>\n<h5 class=\"p1\"><span class=\"s1\">7. DARF ICH MEINEN HUND MIT INS VELVET SPACE BRINGEN?<\/span><\/h5>\n<p>[\/vc_column_text][vc_separator css_animation=&#8220;slideInLeft&#8220; type=&#8220;small&#8220; position=&#8220;left&#8220; color=&#8220;#c4a747&#8243; transparency=&#8220;8&#8243; thickness=&#8220;1&#8243; width=&#8220;70px&#8220;][vc_column_text]<br \/>\nWir lieben Hunde, also wenn keiner unserer Mitglieder ein Problem damit hat, darfst du gerne deine bessere H\u00e4lfte mitbringen.<br \/>\n[\/vc_column_text][vc_empty_space height=&#8220;30px&#8220;][vc_column_text]<\/p>\n<h5 class=\"p1\"><span class=\"s1\">8. DARF ICH AUF EINEN KOSTENLOSEN PROBETAG VORBEIKOMMEN?<br \/>\n<\/span><\/h5>\n<p>[\/vc_column_text][vc_separator css_animation=&#8220;slideInLeft&#8220; type=&#8220;small&#8220; position=&#8220;left&#8220; color=&#8220;#c4a747&#8243; transparency=&#8220;8&#8243; thickness=&#8220;1&#8243; width=&#8220;70px&#8220;][vc_column_text]<br \/>\n<span class=\"s1\"><strong>S<\/strong>chick uns gerne eine E-Mail senden, in der du uns mitteilst an welcher Mitglieschdaft du interessiert bist (<\/span>Hot oder Dedicated Desk <span class=\"s1\">Mitglieschdaft<\/span>). Wir bieten per se keine kostenlosen Probetage an, da wir sehr g\u00fcnstige Halbtageskarten f\u00fcr 5 Stunden Arbeit zum Preis von 21 \u20ac (zzgl. 19 % MwSt.) inklusive Kaffee, Wasser und Tee anbieten. \ud83d\ude42 Wenn du dich f\u00fcr eine Mitgliedschaft entscheiden, ziehen wir die 21 \u20ac (zzgl. 19 % MwSt.) von dem ersten Monat deiner Mitgliedschaft ab.<br \/>\n[\/vc_column_text][vc_empty_space height=&#8220;30px&#8220;][vc_column_text]<\/p>\n<h5 class=\"p1\"><span class=\"s1\">9. KANN ICH IM VELVET SPACE DRUCKEN?<\/span><\/h5>\n<p>[\/vc_column_text][vc_separator css_animation=&#8220;slideInLeft&#8220; type=&#8220;small&#8220; position=&#8220;left&#8220; color=&#8220;#c4a747&#8243; transparency=&#8220;8&#8243; thickness=&#8220;1&#8243; width=&#8220;70px&#8220;][vc_column_text]<br \/>\n<strong>J<\/strong>a, wir haben mehrer Drucker die f\u00fcr jeden zug\u00e4nglich sind. Die Nutzung ist auf fair use Basis, also bitten wir dich deine Doktorarbeit nicht bei uns zu drucken.<br \/>\n[\/vc_column_text][vc_empty_space height=&#8220;30px&#8220;][vc_column_text]<\/p>\n<h5 class=\"p1\"><span class=\"s1\">10. DARF ICH IM VELVET SPACE ZU MITTAG ESSEN?<\/span><\/h5>\n<p>[\/vc_column_text][vc_separator css_animation=&#8220;slideInLeft&#8220; type=&#8220;small&#8220; position=&#8220;left&#8220; color=&#8220;#c4a747&#8243; transparency=&#8220;8&#8243; thickness=&#8220;1&#8243; width=&#8220;70px&#8220;][vc_column_text]<br \/>\nSehr gerne, wir haben sowohl drinnen wir drau\u00dfe einen Essensbereiche und eine Mikrowelle, damit du dein Essen aufw\u00e4rmen kannst. Au\u00dferdem gibt es eine riesen Auswahl an Restaurants und Caf\u00e9s in der N\u00e4he.<br \/>\n[\/vc_column_text][vc_empty_space height=&#8220;30px&#8220;][vc_column_text]<\/p>\n<h5 class=\"p1\"><span class=\"s1\">11. ICH LIEBE EURE K\u00dcHLSCHRANK, WO BEKOMME ICH DEN HER?<\/span><\/h5>\n<p>[\/vc_column_text][vc_separator css_animation=&#8220;slideInLeft&#8220; type=&#8220;small&#8220; position=&#8220;left&#8220; color=&#8220;#c4a747&#8243; transparency=&#8220;8&#8243; thickness=&#8220;1&#8243; width=&#8220;70px&#8220;][vc_column_text]<br \/>\n<strong>W<\/strong>ir haben bei der Gestaltung des K\u00fchlschranks eng mit einem lokalen B\u00fchnenbildner zusammengearbeitet. Sprech einfach jemanden aus dem Team an und frage nach den Kontaktdaten des K\u00fcnstlers.<br \/>\n[\/vc_column_text][vc_empty_space height=&#8220;30px&#8220;][vc_column_text]<\/p>\n<h5 class=\"p1\"><span class=\"s1\">12. ICH BIN EINE NACHTEULE, DARF ICH BIS MITTERNACHT BEI EUCH ARBEITEN?<\/span><\/h5>\n<p>[\/vc_column_text][vc_separator css_animation=&#8220;slideInLeft&#8220; type=&#8220;small&#8220; position=&#8220;left&#8220; color=&#8220;#c4a747&#8243; transparency=&#8220;8&#8243; thickness=&#8220;1&#8243; width=&#8220;70px&#8220;][vc_column_text]<br \/>\nWenn du \u00fcber eine monatliche Mitgliedschaft bei uns verf\u00fcgst, hast du 24\/7 Zugang zu velvet space.<br \/>\nNichtsdestotrotz bitten wir dich ein Auge auf unseren Eventkalender zu werden, falls wir im Open Space eine Veranstaltung haben.<br \/>\nAber keine Sorge, wir werden immer einen Schreibtisch f\u00fcr dich finden, an dem du ungest\u00f6rt arbeiten kannst.<br \/>\n[\/vc_column_text][vc_empty_space height=&#8220;30px&#8220;][vc_column_text]<\/p>\n<h5 class=\"p1\"><span class=\"s1\">13. WO KANN ICH SEHEN, WELCHE VERANSTALTUNGEN BEI EUCH STATTFINDEN?<\/span><\/h5>\n<p>[\/vc_column_text][vc_separator css_animation=&#8220;slideInLeft&#8220; type=&#8220;small&#8220; position=&#8220;left&#8220; color=&#8220;#c4a747&#8243; transparency=&#8220;8&#8243; thickness=&#8220;1&#8243; width=&#8220;70px&#8220;][vc_column_text]<br \/>\n<strong>U<\/strong>nsere Veranstaltungen findest du entweder in unserem Mitgliederportal oder wenn du noch kein Mitglied bist, auf unserer <a href=\"https:\/\/www.instagram.com\/velvetspace_coworking\/\" target=\"_blank\" rel=\"noopener noreferrer\">Instagram-Seite<\/a>.<\/p>\n<p>[\/vc_column_text][vc_empty_space height=&#8220;30px&#8220;][vc_column_text]<\/p>\n<h5 class=\"p1\"><span class=\"s1\">14. BEKOMME ICH ALS MITGLIED EINEN RABATT F\u00dcR EURE VERANSTALTUNGEN?<\/span><\/h5>\n<p>[\/vc_column_text][vc_separator css_animation=&#8220;slideInLeft&#8220; type=&#8220;small&#8220; position=&#8220;left&#8220; color=&#8220;#c4a747&#8243; transparency=&#8220;8&#8243; thickness=&#8220;1&#8243; width=&#8220;70px&#8220;][vc_column_text]<br \/>\nJa, auf einige unserer Veranstaltungen k\u00f6nnen wir einen g\u00fcnstigeren Preis f\u00fcr unsere Mitglieder anbieten. Du erh\u00e4ltst meistens 10-20% Rabatt oder die Option &#8222;Pay one and bring a friend for free&#8220;.<br \/>\n[\/vc_column_text][vc_empty_space height=&#8220;30px&#8220;][vc_column_text]<\/p>\n<h5 class=\"p1\"><span class=\"s1\">15. WAS IST, WENN ICH SELBST EINE VERANSTALTUNG ORGANISIEREN M\u00d6CHTE?<br \/>\n<\/span><\/h5>\n<p>[\/vc_column_text][vc_separator css_animation=&#8220;slideInLeft&#8220; type=&#8220;small&#8220; position=&#8220;left&#8220; color=&#8220;#c4a747&#8243; transparency=&#8220;8&#8243; thickness=&#8220;1&#8243; width=&#8220;70px&#8220;][vc_column_text]<br \/>\n<strong>K<\/strong>ein Problem, wir sind gerne dein Gastgeber. Sprich einfach jemandem aus dem Team und wir informieren dich \u00fcber die verschiedenen M\u00f6glichkeiten.<br \/>\n[\/vc_column_text][vc_empty_space height=&#8220;30px&#8220;][vc_column_text]<\/p>\n<h5 class=\"p1\"><span class=\"s1\">16. WAS HABE ICH F\u00dcR ZAHLUNGSOPTIONEN?<\/span><\/h5>\n<p>[\/vc_column_text][vc_separator css_animation=&#8220;slideInLeft&#8220; type=&#8220;small&#8220; position=&#8220;left&#8220; color=&#8220;#c4a747&#8243; transparency=&#8220;8&#8243; thickness=&#8220;1&#8243; width=&#8220;70px&#8220;][vc_column_text]<\/p>\n<p class=\"p1\"><span class=\"s1\"><strong>D<\/strong>u kannst vor Ort mit Debit- oder KreditkarteKarte zahlen<br \/>\nF\u00fcr Mitglieder mit einer monatlichen Mitgliedschaft k\u00f6nnen wir ein SEPA Mandat einrichten oder du zahlst die Rechnung im Mitgliederportal mit der Karte.\u00a0<\/span><\/p>\n<p>[\/vc_column_text][vc_empty_space height=&#8220;30px&#8220;][vc_column_text]<\/p>\n<h5 class=\"p1\"><span class=\"s1\">17. KANN ICH EUREN BESPRECHUNGSRAUM AUCH BUCHEN, WENN ICH KEIN MITGLIED BEI VELVET SPACE BIN?<\/span><\/h5>\n<p>[\/vc_column_text][vc_separator css_animation=&#8220;slideInLeft&#8220; type=&#8220;small&#8220; position=&#8220;left&#8220; color=&#8220;#c4a747&#8243; transparency=&#8220;8&#8243; thickness=&#8220;1&#8243; width=&#8220;70px&#8220;][vc_column_text]<br \/>\n<strong>J<\/strong>a, wir nehmen auch externe Buchungen an. Du kannst uns einfach eine <a href=\"mailto:hello@velvet-space.com\" target=\"_blank\" rel=\"noopener noreferrer\">E-Mail<\/a> mit der Uhrzeit, Datum und Personenzahl schicken oder unser Anfrageformular ausf\u00fcllen (<a href=\"https:\/\/velvet-space.com\/book-a-meeting-room\/\">https:\/\/velvet-space.com\/book-a-meeting-room\/<\/a>) und wirst kurz darauf eine Buchungsbest\u00e4tigung von uns erhalten.<br \/>\nSobald die Buchung abgeschlossen ist, erh\u00e4ltst du eine Rechnung, die du durch \u00dcberweisung ausgleichen kannst.<br \/>\n[\/vc_column_text][vc_empty_space height=&#8220;30px&#8220;][vc_column_text]<\/p>\n<h5 class=\"p1\"><span class=\"s1\">18. DARF ICH EINEN GAST MITBRINGEN?<\/span><\/h5>\n<p>[\/vc_column_text][vc_separator css_animation=&#8220;slideInLeft&#8220; type=&#8220;small&#8220; position=&#8220;left&#8220; color=&#8220;#c4a747&#8243; transparency=&#8220;8&#8243; thickness=&#8220;1&#8243; width=&#8220;70px&#8220;][vc_column_text]<br \/>\n<strong>G<\/strong>enerell sind Besucher immer willkommen und wir freuen uns, wenn du deinen Arbeitsplatz zeigen m\u00f6chtest.<br \/>\nF\u00fcr den Fall, dass dein Gast einige Stunden bleiben m\u00fcss, kannst er einen Zeitpass buchen. Wir bieten Halbtags- und Tagesp\u00e4sse an.<br \/>\n[\/vc_column_text][vc_empty_space height=&#8220;30px&#8220;][vc_column_text]<\/p>\n<h5 class=\"p1\"><span class=\"s1\">19. AUS WELCHEM BEREICH KOMMEN DIE MEISTEN EURER MITGLIEDER?<\/span><\/h5>\n<p>[\/vc_column_text][vc_separator css_animation=&#8220;slideInLeft&#8220; type=&#8220;small&#8220; position=&#8220;left&#8220; color=&#8220;#c4a747&#8243; transparency=&#8220;8&#8243; thickness=&#8220;1&#8243; width=&#8220;70px&#8220;][vc_column_text]<br \/>\nIm velvet space freuen wir uns \u00fcber Gleichgesinnte, von Startups, Freiberuflern und jungen Gr\u00fcndern und Gr\u00fcnderinnen bis hin zu etablierten Unternehmen. Bei uns wird keine bestimmte Branche bevorzugt, sondern wir freuen uns auf eine bunte Mischung, sodass wir uns gegenseitig inspirieren k\u00f6nnen und den h\u00f6chsten Nutzen f\u00fcreinander generieren.<br \/>\n[\/vc_column_text][vc_empty_space height=&#8220;30px&#8220;][\/vc_column_inner][vc_column_inner width=&#8220;1\/6&#8243;][\/vc_column_inner][\/vc_row_inner][\/vc_column][\/vc_row]<\/p>\n","protected":false},"excerpt":{"rendered":"<p>[vc_row css_animation=&#8220;&#8220; row_type=&#8220;row&#8220; use_row_as_full_screen_section=&#8220;no&#8220; type=&#8220;full_width&#8220; angled_section=&#8220;no&#8220; text_align=&#8220;left&#8220; background_image_as_pattern=&#8220;without_pattern&#8220;][vc_column css=&#8220;.vc_custom_1556629585167{padding-top: 3% !important;}&#8220;][vc_empty_space height=&#8220;30px&#8220;][vc_text_separator title=&#8220;COWORKING FAQs&#8220; css_animation=&#8220;zoomIn&#8220; border=&#8220;no&#8220; background_color=&#8220;#6e9077&#8243; title_color=&#8220;#fff8f0&#8243;][vc_empty_space height=&#8220;70px&#8220;][\/vc_column][\/vc_row][vc_row row_type=&#8220;parallax&#8220; parallax_content_width=&#8220;full_width&#8220; text_align=&#8220;left&#8220; full_screen_section_height=&#8220;yes&#8220; vertically_align_content_in_middle=&#8220;yes&#8220; parallax_speed=&#8220;1.5&#8243; parallax_side_padding=&#8220;100%&#8220; css=&#8220;.vc_custom_1582908838363{margin-bottom: 0px !important;border-bottom-width: 0px !important;padding-bottom: 0px !important;}&#8220;][vc_column css_animation=&#8220;slideInDown&#8220; css=&#8220;.vc_custom_1582908813478{margin-top: 0px !important;border-top-width: 0px !important;padding-top: 0px !important;padding-right: 1% !important;background-image: url(https:\/\/velvet-space.com\/wp-content\/uploads\/2020\/02\/FAQ.jpg?id=17842) !important;background-position:&#8230;<\/p>\n","protected":false},"author":3,"featured_media":0,"parent":0,"menu_order":0,"comment_status":"open","ping_status":"closed","template":"full_width.php","meta":[],"yoast_head":"<!-- This site is optimized with the Yoast SEO plugin v19.4 - https:\/\/yoast.com\/wordpress\/plugins\/seo\/ -->\n<title>COWORKING FAQs - velvet space coworking<\/title>\n<meta name=\"description\" content=\"Ist der Kaffee im Preis inbegriffen? Kann ich meinen Hund mit in den Velvet Space bringen? Lies die Antworten auf die am h\u00e4ufigsten gestellten Fragen in unserem Coworking FAQ-Bereich.\" \/>\n<meta name=\"robots\" content=\"index, follow, max-snippet:-1, max-image-preview:large, max-video-preview:-1\" \/>\n<link rel=\"canonical\" href=\"https:\/\/velvet-space.com\/de\/coworking-faqs\/\" \/>\n<meta property=\"og:locale\" content=\"de_DE\" \/>\n<meta property=\"og:type\" content=\"article\" \/>\n<meta property=\"og:title\" content=\"COWORKING FAQs - velvet space coworking\" \/>\n<meta property=\"og:description\" content=\"Ist der Kaffee im Preis inbegriffen? Kann ich meinen Hund mit in den Velvet Space bringen? Lies die Antworten auf die am h\u00e4ufigsten gestellten Fragen in unserem Coworking FAQ-Bereich.\" \/>\n<meta property=\"og:url\" content=\"https:\/\/velvet-space.com\/de\/coworking-faqs\/\" \/>\n<meta property=\"og:site_name\" content=\"velvet space coworking\" \/>\n<meta property=\"article:publisher\" content=\"https:\/\/www.facebook.com\/velvetspacecoworking\/\" \/>\n<meta property=\"article:modified_time\" content=\"2026-03-12T16:02:55+00:00\" \/>\n<meta name=\"twitter:card\" content=\"summary_large_image\" \/>\n<meta name=\"twitter:label1\" content=\"Gesch\u00e4tzte Lesezeit\" \/>\n\t<meta name=\"twitter:data1\" content=\"5\u00a0Minuten\" \/>\n<script type=\"application\/ld+json\" class=\"yoast-schema-graph\">{\"@context\":\"https:\/\/schema.org\",\"@graph\":[{\"@type\":\"WebSite\",\"@id\":\"https:\/\/velvet-space.com\/de\/#website\",\"url\":\"https:\/\/velvet-space.com\/de\/\",\"name\":\"v e l v e t s p a c e\",\"description\":\"coworking in the heart of munich\",\"potentialAction\":[{\"@type\":\"SearchAction\",\"target\":{\"@type\":\"EntryPoint\",\"urlTemplate\":\"https:\/\/velvet-space.com\/de\/?s={search_term_string}\"},\"query-input\":\"required name=search_term_string\"}],\"inLanguage\":\"de\"},{\"@type\":\"WebPage\",\"@id\":\"https:\/\/velvet-space.com\/de\/coworking-faqs\/\",\"url\":\"https:\/\/velvet-space.com\/de\/coworking-faqs\/\",\"name\":\"COWORKING FAQs - velvet space coworking\",\"isPartOf\":{\"@id\":\"https:\/\/velvet-space.com\/de\/#website\"},\"datePublished\":\"2021-01-19T23:18:57+00:00\",\"dateModified\":\"2026-03-12T16:02:55+00:00\",\"description\":\"Ist der Kaffee im Preis inbegriffen? Kann ich meinen Hund mit in den Velvet Space bringen? Lies die Antworten auf die am h\u00e4ufigsten gestellten Fragen in unserem Coworking FAQ-Bereich.\",\"breadcrumb\":{\"@id\":\"https:\/\/velvet-space.com\/de\/coworking-faqs\/#breadcrumb\"},\"inLanguage\":\"de\",\"potentialAction\":[{\"@type\":\"ReadAction\",\"target\":[\"https:\/\/velvet-space.com\/de\/coworking-faqs\/\"]}]},{\"@type\":\"BreadcrumbList\",\"@id\":\"https:\/\/velvet-space.com\/de\/coworking-faqs\/#breadcrumb\",\"itemListElement\":[{\"@type\":\"ListItem\",\"position\":1,\"name\":\"Home\",\"item\":\"https:\/\/velvet-space.com\/de\/\"},{\"@type\":\"ListItem\",\"position\":2,\"name\":\"COWORKING FAQs\"}]}]}<\/script>\n<!-- \/ Yoast SEO plugin. -->","yoast_head_json":{"title":"COWORKING FAQs - velvet space coworking","description":"Ist der Kaffee im Preis inbegriffen? Kann ich meinen Hund mit in den Velvet Space bringen? Lies die Antworten auf die am h\u00e4ufigsten gestellten Fragen in unserem Coworking FAQ-Bereich.","robots":{"index":"index","follow":"follow","max-snippet":"max-snippet:-1","max-image-preview":"max-image-preview:large","max-video-preview":"max-video-preview:-1"},"canonical":"https:\/\/velvet-space.com\/de\/coworking-faqs\/","og_locale":"de_DE","og_type":"article","og_title":"COWORKING FAQs - velvet space coworking","og_description":"Ist der Kaffee im Preis inbegriffen? Kann ich meinen Hund mit in den Velvet Space bringen? Lies die Antworten auf die am h\u00e4ufigsten gestellten Fragen in unserem Coworking FAQ-Bereich.","og_url":"https:\/\/velvet-space.com\/de\/coworking-faqs\/","og_site_name":"velvet space coworking","article_publisher":"https:\/\/www.facebook.com\/velvetspacecoworking\/","article_modified_time":"2026-03-12T16:02:55+00:00","twitter_card":"summary_large_image","twitter_misc":{"Gesch\u00e4tzte Lesezeit":"5\u00a0Minuten"},"schema":{"@context":"https:\/\/schema.org","@graph":[{"@type":"WebSite","@id":"https:\/\/velvet-space.com\/de\/#website","url":"https:\/\/velvet-space.com\/de\/","name":"v e l v e t s p a c e","description":"coworking in the heart of munich","potentialAction":[{"@type":"SearchAction","target":{"@type":"EntryPoint","urlTemplate":"https:\/\/velvet-space.com\/de\/?s={search_term_string}"},"query-input":"required name=search_term_string"}],"inLanguage":"de"},{"@type":"WebPage","@id":"https:\/\/velvet-space.com\/de\/coworking-faqs\/","url":"https:\/\/velvet-space.com\/de\/coworking-faqs\/","name":"COWORKING FAQs - velvet space coworking","isPartOf":{"@id":"https:\/\/velvet-space.com\/de\/#website"},"datePublished":"2021-01-19T23:18:57+00:00","dateModified":"2026-03-12T16:02:55+00:00","description":"Ist der Kaffee im Preis inbegriffen? Kann ich meinen Hund mit in den Velvet Space bringen? Lies die Antworten auf die am h\u00e4ufigsten gestellten Fragen in unserem Coworking FAQ-Bereich.","breadcrumb":{"@id":"https:\/\/velvet-space.com\/de\/coworking-faqs\/#breadcrumb"},"inLanguage":"de","potentialAction":[{"@type":"ReadAction","target":["https:\/\/velvet-space.com\/de\/coworking-faqs\/"]}]},{"@type":"BreadcrumbList","@id":"https:\/\/velvet-space.com\/de\/coworking-faqs\/#breadcrumb","itemListElement":[{"@type":"ListItem","position":1,"name":"Home","item":"https:\/\/velvet-space.com\/de\/"},{"@type":"ListItem","position":2,"name":"COWORKING FAQs"}]}]}},"_links":{"self":[{"href":"https:\/\/velvet-space.com\/de\/wp-json\/wp\/v2\/pages\/18725"}],"collection":[{"href":"https:\/\/velvet-space.com\/de\/wp-json\/wp\/v2\/pages"}],"about":[{"href":"https:\/\/velvet-space.com\/de\/wp-json\/wp\/v2\/types\/page"}],"author":[{"embeddable":true,"href":"https:\/\/velvet-space.com\/de\/wp-json\/wp\/v2\/users\/3"}],"replies":[{"embeddable":true,"href":"https:\/\/velvet-space.com\/de\/wp-json\/wp\/v2\/comments?post=18725"}],"version-history":[{"count":15,"href":"https:\/\/velvet-space.com\/de\/wp-json\/wp\/v2\/pages\/18725\/revisions"}],"predecessor-version":[{"id":20777,"href":"https:\/\/velvet-space.com\/de\/wp-json\/wp\/v2\/pages\/18725\/revisions\/20777"}],"wp:attachment":[{"href":"https:\/\/velvet-space.com\/de\/wp-json\/wp\/v2\/media?parent=18725"}],"curies":[{"name":"wp","href":"https:\/\/api.w.org\/{rel}","templated":true}]}}