{"id":18722,"date":"2021-01-19T23:05:27","date_gmt":"2021-01-19T23:05:27","guid":{"rendered":"https:\/\/velvet-space.com\/haftungsausschluss\/"},"modified":"2021-01-19T23:05:27","modified_gmt":"2021-01-19T23:05:27","slug":"haftungsausschluss","status":"publish","type":"page","link":"https:\/\/velvet-space.com\/de\/haftungsausschluss\/","title":{"rendered":"HAFTUNGSAUSSCHLUSS"},"content":{"rendered":"<p>[vc_row css_animation=&#8220;&#8220; row_type=&#8220;row&#8220; use_row_as_full_screen_section=&#8220;no&#8220; type=&#8220;full_width&#8220; angled_section=&#8220;no&#8220; text_align=&#8220;left&#8220; background_image_as_pattern=&#8220;without_pattern&#8220;][vc_column css=&#8220;.vc_custom_1556629585167{padding-top: 3% !important;}&#8220;][vc_empty_space height=&#8220;30px&#8220;][vc_text_separator title=&#8220;HAFTUNGSAUSSCHLUSS&#8220; css_animation=&#8220;zoomIn&#8220; border=&#8220;no&#8220; background_color=&#8220;#6e9077&#8243; title_color=&#8220;#fff8f0&#8243;][vc_empty_space height=&#8220;70px&#8220;][\/vc_column][\/vc_row][vc_row row_type=&#8220;parallax&#8220; parallax_content_width=&#8220;full_width&#8220; text_align=&#8220;left&#8220; full_screen_section_height=&#8220;yes&#8220; vertically_align_content_in_middle=&#8220;yes&#8220; background_image=&#8220;17201&#8243; parallax_speed=&#8220;1.5&#8243; parallax_side_padding=&#8220;100%&#8220; css=&#8220;.vc_custom_1558088737656{margin-bottom: 0px !important;border-bottom-width: 0px !important;padding-bottom: 0px !important;}&#8220;][vc_column css_animation=&#8220;slideInDown&#8220; css=&#8220;.vc_custom_1556630275532{margin-top: 0px !important;border-top-width: 0px !important;padding-top: 0px !important;padding-right: 1% !important;}&#8220;][vc_row_inner row_type=&#8220;row&#8220; type=&#8220;full_width&#8220; text_align=&#8220;left&#8220; css_animation=&#8220;&#8220;][vc_column_inner width=&#8220;1\/6&#8243;][\/vc_column_inner][vc_column_inner width=&#8220;2\/3&#8243; css=&#8220;.vc_custom_1556630170541{padding-top: 10% !important;padding-right: 10% !important;padding-bottom: 10% !important;padding-left: 10% !important;background-color: #fff8f0 !important;}&#8220;][vc_column_text]<\/p>\n<h5 class=\"p1\" style=\"text-align: left;\"><span class=\"s1\">1. INHALT<\/span><\/h5>\n<p>[\/vc_column_text][vc_separator css_animation=&#8220;slideInLeft&#8220; type=&#8220;small&#8220; position=&#8220;left&#8220; color=&#8220;#c4a747&#8243; transparency=&#8220;8&#8243; thickness=&#8220;1&#8243; width=&#8220;70px&#8220;][vc_column_text]<br \/>\n<strong>D<\/strong>er Autor \u00fcbernimmt keinerlei Gew\u00e4hr f\u00fcr die Aktualit\u00e4t, Korrektheit, Vollst\u00e4ndigkeit oder Qualit\u00e4t der bereitgestellten Informationen. Haftungsanspr\u00fcche, welche sich auf Sch\u00e4den materieller oder ideeller Art beziehen, die durch die Nutzung oder Nichtnutzung der dargebotenen Informationen bzw. durch die Nutzung fehlerhafter und unvollst\u00e4ndiger Informationen verursacht wurden, sind grunds\u00e4tzlich ausgeschlossen. Alle Angebote sind freibleibend und unverbindlich.<\/p>\n<p>Der Autor beh\u00e4lt es sich ausdr\u00fccklich vor, Teile der Seiten oder das gesamte Angebot ohne gesonderte Ank\u00fcndigung zu ver\u00e4ndern, zu erg\u00e4nzen, zu l\u00f6schen oder die Ver\u00f6ffentlichung zeitweise oder endg\u00fcltig einzustellen.<br \/>\n[\/vc_column_text][vc_empty_space height=&#8220;50px&#8220;][vc_column_text]<\/p>\n<h5 class=\"p1\"><span class=\"s1\">2. VERWEISE UND LINKS \u00a0<\/span><\/h5>\n<p>[\/vc_column_text][vc_separator css_animation=&#8220;slideInLeft&#8220; type=&#8220;small&#8220; position=&#8220;left&#8220; color=&#8220;#c4a747&#8243; transparency=&#8220;8&#8243; thickness=&#8220;1&#8243; width=&#8220;70px&#8220;][vc_column_text]<br \/>\n<strong>B<\/strong>ei direkten oder indirekten Verweisen auf fremde Internetseiten (&#8222;Links&#8220;), die au\u00dferhalb des Verantwortungsbereiches des Autors liegen, w\u00fcrde eine Haftungsverpflichtung ausschlie\u00dflich in dem Fall in Kraft treten, in dem der Autor von den Inhalten Kenntnis hat und es ihm technisch m\u00f6glich und zumutbar w\u00e4re, die Nutzung im Falle rechtswidriger Inhalte zu verhindern. F\u00fcr illegale, fehlerhafte oder unvollst\u00e4ndige Inhalte und insbesondere f\u00fcr Sch\u00e4den, die aus der Nutzung oder Nichtnutzung solcherart dargebotener Informationen entstehen, haftet allein der Anbieter der Seite, auf welche verwiesen wurde, nicht derjenige, der \u00fcber Links auf die jeweilige Ver\u00f6ffentlichung lediglich verweist.<\/p>\n<p>Der Autor haftet dar\u00fcber hinaus nicht f\u00fcr Postings oder Nachrichten, die von Nutzern von Diskussionsforen, G\u00e4steb\u00fcchern oder Mailinglisten, die auf seiner Seite bereitgestellt werden, ver\u00f6ffentlicht werden.<br \/>\n[\/vc_column_text][vc_empty_space height=&#8220;50px&#8220;][vc_column_text]<\/p>\n<h5 class=\"p1\"><span class=\"s1\">3. COPYRIGHT<\/span><\/h5>\n<p>[\/vc_column_text][vc_separator css_animation=&#8220;slideInLeft&#8220; type=&#8220;small&#8220; position=&#8220;left&#8220; color=&#8220;#c4a747&#8243; transparency=&#8220;8&#8243; thickness=&#8220;1&#8243; width=&#8220;70px&#8220;][vc_column_text]<br \/>\n<strong>D<\/strong>er Autor ist bestrebt, in allen Publikationen die Urheberrechte der verwendeten Grafiken und Texte zu beachten, von ihm selbst erstellte Grafiken und Texte zu nutzen oder auf lizenzfreie Grafiken und Texte zur\u00fcckzugreifen. Das Copyright f\u00fcr ver\u00f6ffentlichte, vom Autor selbst erstellte Objekte bleibt allein beim Autor der Seiten. Eine Vervielf\u00e4ltigung oder Verwendung solcher Grafiken, Tondokumente, Videosequenzen und Texte in anderen elektronischen oder gedruckten Publikationen ist ohne ausdr\u00fcckliche Zustimmung des Autors nicht gestattet.<br \/>\n[\/vc_column_text][vc_empty_space height=&#8220;50px&#8220;][vc_column_text]<\/p>\n<h5 class=\"p1\"><span class=\"s1\">4. DATENSCHUTZBESTIMMUNGEN<\/span><\/h5>\n<p>[\/vc_column_text][vc_separator css_animation=&#8220;slideInLeft&#8220; type=&#8220;small&#8220; position=&#8220;left&#8220; color=&#8220;#c4a747&#8243; transparency=&#8220;8&#8243; thickness=&#8220;1&#8243; width=&#8220;70px&#8220;][vc_column_text]<br \/>\n<strong>S<\/strong>ofern innerhalb des Internetangebotes die M\u00f6glichkeit zur Eingabe pers\u00f6nlicher oder gesch\u00e4ftlicher Daten (Emailadressen, Namen, Anschriften) besteht, so erfolgt die Preisgabe dieser Daten seitens des Nutzers auf ausdr\u00fccklich freiwilliger Basis. Die Inanspruchnahme und Bezahlung aller angebotenen Dienste ist &#8211; wenn und soweit technisch m\u00f6glich und zumutbar &#8211; auch ohne Angabe solcher Daten bzw. unter Angabe anonymisierter Daten oder eines Pseudonyms gestattet.<\/p>\n<p>Die Nutzung der im Rahmen des Impressums oder vergleichbarer Angaben ver\u00f6ffentlichten Kontaktdaten wie Postanschriften, Telefon- und Faxnummern sowie Emailadressen durch Dritte zur \u00dcbersendung von nicht ausdr\u00fccklich angeforderten Informationen ist nicht gestattet. Weitere Informationen zum Datenschutz finden Sie <a href=\"https:\/\/velvet-space.com\/de\/datenschutzerklaerung\/\">hier.<\/a>.[\/vc_column_text][vc_empty_space height=&#8220;50px&#8220;][vc_column_text]<\/p>\n<h5 class=\"p1\"><span class=\"s1\">5. RECHTSWIRKSAMKEIT DIESES HAFTUNGSAUSSCHLUSSES<\/span><\/h5>\n<p>[\/vc_column_text][vc_separator css_animation=&#8220;slideInLeft&#8220; type=&#8220;small&#8220; position=&#8220;left&#8220; color=&#8220;#c4a747&#8243; transparency=&#8220;8&#8243; thickness=&#8220;1&#8243; width=&#8220;70px&#8220;][vc_column_text]<br \/>\n<strong>D<\/strong>ieser Haftungsausschluss ist als Teil des Internetangebotes zu betrachten, von dem aus auf diese Seite verwiesen wurde. Sofern Teile oder einzelne Formulierungen dieses Textes der geltenden Rechtslage nicht, nicht mehr oder nicht vollst\u00e4ndig entsprechen sollten, bleiben die \u00fcbrigen Teile des Dokumentes in ihrem Inhalt und ihrer G\u00fcltigkeit davon unbeeinflusst.<br \/>\n[\/vc_column_text][vc_empty_space height=&#8220;50px&#8220;][\/vc_column_inner][vc_column_inner width=&#8220;1\/6&#8243;][\/vc_column_inner][\/vc_row_inner][\/vc_column][\/vc_row]<\/p>\n","protected":false},"excerpt":{"rendered":"<p>[vc_row css_animation=&#8220;&#8220; row_type=&#8220;row&#8220; use_row_as_full_screen_section=&#8220;no&#8220; type=&#8220;full_width&#8220; angled_section=&#8220;no&#8220; text_align=&#8220;left&#8220; background_image_as_pattern=&#8220;without_pattern&#8220;][vc_column css=&#8220;.vc_custom_1556629585167{padding-top: 3% !important;}&#8220;][vc_empty_space height=&#8220;30px&#8220;][vc_text_separator title=&#8220;HAFTUNGSAUSSCHLUSS&#8220; css_animation=&#8220;zoomIn&#8220; border=&#8220;no&#8220; background_color=&#8220;#6e9077&#8243; title_color=&#8220;#fff8f0&#8243;][vc_empty_space height=&#8220;70px&#8220;][\/vc_column][\/vc_row][vc_row row_type=&#8220;parallax&#8220; parallax_content_width=&#8220;full_width&#8220; text_align=&#8220;left&#8220; full_screen_section_height=&#8220;yes&#8220; vertically_align_content_in_middle=&#8220;yes&#8220; background_image=&#8220;17201&#8243; parallax_speed=&#8220;1.5&#8243; parallax_side_padding=&#8220;100%&#8220; css=&#8220;.vc_custom_1558088737656{margin-bottom: 0px !important;border-bottom-width: 0px !important;padding-bottom: 0px !important;}&#8220;][vc_column css_animation=&#8220;slideInDown&#8220; css=&#8220;.vc_custom_1556630275532{margin-top: 0px !important;border-top-width: 0px !important;padding-top: 0px !important;padding-right: 1% !important;}&#8220;][vc_row_inner row_type=&#8220;row&#8220; type=&#8220;full_width&#8220;&#8230;<\/p>\n","protected":false},"author":1,"featured_media":0,"parent":0,"menu_order":0,"comment_status":"open","ping_status":"closed","template":"full_width.php","meta":[],"yoast_head":"<!-- This site is optimized with the Yoast SEO plugin v19.4 - https:\/\/yoast.com\/wordpress\/plugins\/seo\/ -->\n<title>HAFTUNGSAUSSCHLUSS - velvet space coworking<\/title>\n<meta name=\"robots\" content=\"index, follow, max-snippet:-1, max-image-preview:large, max-video-preview:-1\" \/>\n<link rel=\"canonical\" href=\"https:\/\/velvet-space.com\/de\/haftungsausschluss\/\" \/>\n<meta property=\"og:locale\" content=\"de_DE\" \/>\n<meta property=\"og:type\" content=\"article\" \/>\n<meta property=\"og:title\" content=\"HAFTUNGSAUSSCHLUSS - velvet space coworking\" \/>\n<meta property=\"og:description\" content=\"[vc_row css_animation=&#8220;&#8220; row_type=&#8220;row&#8220; use_row_as_full_screen_section=&#8220;no&#8220; type=&#8220;full_width&#8220; angled_section=&#8220;no&#8220; text_align=&#8220;left&#8220; background_image_as_pattern=&#8220;without_pattern&#8220;][vc_column css=&#8220;.vc_custom_1556629585167{padding-top: 3% !important;}&#8220;][vc_empty_space height=&#8220;30px&#8220;][vc_text_separator title=&#8220;HAFTUNGSAUSSCHLUSS&#8220; css_animation=&#8220;zoomIn&#8220; border=&#8220;no&#8220; background_color=&#8220;#6e9077&#8243; title_color=&#8220;#fff8f0&#8243;][vc_empty_space height=&#8220;70px&#8220;][\/vc_column][\/vc_row][vc_row row_type=&#8220;parallax&#8220; parallax_content_width=&#8220;full_width&#8220; text_align=&#8220;left&#8220; full_screen_section_height=&#8220;yes&#8220; vertically_align_content_in_middle=&#8220;yes&#8220; background_image=&#8220;17201&#8243; parallax_speed=&#8220;1.5&#8243; parallax_side_padding=&#8220;100%&#8220; css=&#8220;.vc_custom_1558088737656{margin-bottom: 0px !important;border-bottom-width: 0px !important;padding-bottom: 0px !important;}&#8220;][vc_column css_animation=&#8220;slideInDown&#8220; css=&#8220;.vc_custom_1556630275532{margin-top: 0px !important;border-top-width: 0px !important;padding-top: 0px !important;padding-right: 1% !important;}&#8220;][vc_row_inner row_type=&#8220;row&#8220; type=&#8220;full_width&#8220;...\" \/>\n<meta property=\"og:url\" content=\"https:\/\/velvet-space.com\/de\/haftungsausschluss\/\" \/>\n<meta property=\"og:site_name\" content=\"velvet space coworking\" \/>\n<meta property=\"article:publisher\" content=\"https:\/\/www.facebook.com\/velvetspacecoworking\/\" \/>\n<meta name=\"twitter:card\" content=\"summary_large_image\" \/>\n<meta name=\"twitter:label1\" content=\"Gesch\u00e4tzte Lesezeit\" \/>\n\t<meta name=\"twitter:data1\" content=\"4\u00a0Minuten\" \/>\n<script type=\"application\/ld+json\" class=\"yoast-schema-graph\">{\"@context\":\"https:\/\/schema.org\",\"@graph\":[{\"@type\":\"WebSite\",\"@id\":\"https:\/\/velvet-space.com\/de\/#website\",\"url\":\"https:\/\/velvet-space.com\/de\/\",\"name\":\"v e l v e t s p a c e\",\"description\":\"coworking in the heart of munich\",\"potentialAction\":[{\"@type\":\"SearchAction\",\"target\":{\"@type\":\"EntryPoint\",\"urlTemplate\":\"https:\/\/velvet-space.com\/de\/?s={search_term_string}\"},\"query-input\":\"required name=search_term_string\"}],\"inLanguage\":\"de\"},{\"@type\":\"WebPage\",\"@id\":\"https:\/\/velvet-space.com\/de\/haftungsausschluss\/\",\"url\":\"https:\/\/velvet-space.com\/de\/haftungsausschluss\/\",\"name\":\"HAFTUNGSAUSSCHLUSS - velvet space coworking\",\"isPartOf\":{\"@id\":\"https:\/\/velvet-space.com\/de\/#website\"},\"datePublished\":\"2021-01-19T23:05:27+00:00\",\"dateModified\":\"2021-01-19T23:05:27+00:00\",\"breadcrumb\":{\"@id\":\"https:\/\/velvet-space.com\/de\/haftungsausschluss\/#breadcrumb\"},\"inLanguage\":\"de\",\"potentialAction\":[{\"@type\":\"ReadAction\",\"target\":[\"https:\/\/velvet-space.com\/de\/haftungsausschluss\/\"]}]},{\"@type\":\"BreadcrumbList\",\"@id\":\"https:\/\/velvet-space.com\/de\/haftungsausschluss\/#breadcrumb\",\"itemListElement\":[{\"@type\":\"ListItem\",\"position\":1,\"name\":\"Home\",\"item\":\"https:\/\/velvet-space.com\/de\/\"},{\"@type\":\"ListItem\",\"position\":2,\"name\":\"HAFTUNGSAUSSCHLUSS\"}]}]}<\/script>\n<!-- \/ Yoast SEO plugin. -->","yoast_head_json":{"title":"HAFTUNGSAUSSCHLUSS - velvet space coworking","robots":{"index":"index","follow":"follow","max-snippet":"max-snippet:-1","max-image-preview":"max-image-preview:large","max-video-preview":"max-video-preview:-1"},"canonical":"https:\/\/velvet-space.com\/de\/haftungsausschluss\/","og_locale":"de_DE","og_type":"article","og_title":"HAFTUNGSAUSSCHLUSS - velvet space coworking","og_description":"[vc_row css_animation=&#8220;&#8220; row_type=&#8220;row&#8220; use_row_as_full_screen_section=&#8220;no&#8220; type=&#8220;full_width&#8220; angled_section=&#8220;no&#8220; text_align=&#8220;left&#8220; background_image_as_pattern=&#8220;without_pattern&#8220;][vc_column css=&#8220;.vc_custom_1556629585167{padding-top: 3% !important;}&#8220;][vc_empty_space height=&#8220;30px&#8220;][vc_text_separator title=&#8220;HAFTUNGSAUSSCHLUSS&#8220; css_animation=&#8220;zoomIn&#8220; border=&#8220;no&#8220; background_color=&#8220;#6e9077&#8243; title_color=&#8220;#fff8f0&#8243;][vc_empty_space height=&#8220;70px&#8220;][\/vc_column][\/vc_row][vc_row row_type=&#8220;parallax&#8220; parallax_content_width=&#8220;full_width&#8220; text_align=&#8220;left&#8220; full_screen_section_height=&#8220;yes&#8220; vertically_align_content_in_middle=&#8220;yes&#8220; background_image=&#8220;17201&#8243; parallax_speed=&#8220;1.5&#8243; parallax_side_padding=&#8220;100%&#8220; css=&#8220;.vc_custom_1558088737656{margin-bottom: 0px !important;border-bottom-width: 0px !important;padding-bottom: 0px !important;}&#8220;][vc_column css_animation=&#8220;slideInDown&#8220; css=&#8220;.vc_custom_1556630275532{margin-top: 0px !important;border-top-width: 0px !important;padding-top: 0px !important;padding-right: 1% !important;}&#8220;][vc_row_inner row_type=&#8220;row&#8220; type=&#8220;full_width&#8220;...","og_url":"https:\/\/velvet-space.com\/de\/haftungsausschluss\/","og_site_name":"velvet space coworking","article_publisher":"https:\/\/www.facebook.com\/velvetspacecoworking\/","twitter_card":"summary_large_image","twitter_misc":{"Gesch\u00e4tzte Lesezeit":"4\u00a0Minuten"},"schema":{"@context":"https:\/\/schema.org","@graph":[{"@type":"WebSite","@id":"https:\/\/velvet-space.com\/de\/#website","url":"https:\/\/velvet-space.com\/de\/","name":"v e l v e t s p a c e","description":"coworking in the heart of munich","potentialAction":[{"@type":"SearchAction","target":{"@type":"EntryPoint","urlTemplate":"https:\/\/velvet-space.com\/de\/?s={search_term_string}"},"query-input":"required name=search_term_string"}],"inLanguage":"de"},{"@type":"WebPage","@id":"https:\/\/velvet-space.com\/de\/haftungsausschluss\/","url":"https:\/\/velvet-space.com\/de\/haftungsausschluss\/","name":"HAFTUNGSAUSSCHLUSS - velvet space coworking","isPartOf":{"@id":"https:\/\/velvet-space.com\/de\/#website"},"datePublished":"2021-01-19T23:05:27+00:00","dateModified":"2021-01-19T23:05:27+00:00","breadcrumb":{"@id":"https:\/\/velvet-space.com\/de\/haftungsausschluss\/#breadcrumb"},"inLanguage":"de","potentialAction":[{"@type":"ReadAction","target":["https:\/\/velvet-space.com\/de\/haftungsausschluss\/"]}]},{"@type":"BreadcrumbList","@id":"https:\/\/velvet-space.com\/de\/haftungsausschluss\/#breadcrumb","itemListElement":[{"@type":"ListItem","position":1,"name":"Home","item":"https:\/\/velvet-space.com\/de\/"},{"@type":"ListItem","position":2,"name":"HAFTUNGSAUSSCHLUSS"}]}]}},"_links":{"self":[{"href":"https:\/\/velvet-space.com\/de\/wp-json\/wp\/v2\/pages\/18722"}],"collection":[{"href":"https:\/\/velvet-space.com\/de\/wp-json\/wp\/v2\/pages"}],"about":[{"href":"https:\/\/velvet-space.com\/de\/wp-json\/wp\/v2\/types\/page"}],"author":[{"embeddable":true,"href":"https:\/\/velvet-space.com\/de\/wp-json\/wp\/v2\/users\/1"}],"replies":[{"embeddable":true,"href":"https:\/\/velvet-space.com\/de\/wp-json\/wp\/v2\/comments?post=18722"}],"version-history":[{"count":2,"href":"https:\/\/velvet-space.com\/de\/wp-json\/wp\/v2\/pages\/18722\/revisions"}],"predecessor-version":[{"id":18724,"href":"https:\/\/velvet-space.com\/de\/wp-json\/wp\/v2\/pages\/18722\/revisions\/18724"}],"wp:attachment":[{"href":"https:\/\/velvet-space.com\/de\/wp-json\/wp\/v2\/media?parent=18722"}],"curies":[{"name":"wp","href":"https:\/\/api.w.org\/{rel}","templated":true}]}}