{"id":18606,"date":"2021-01-19T18:58:28","date_gmt":"2021-01-19T18:58:28","guid":{"rendered":"https:\/\/velvet-space.com\/virtual-office-geschaeftsadresse-firmenadresse-mieten-muenchen\/"},"modified":"2026-03-06T09:02:22","modified_gmt":"2026-03-06T09:02:22","slug":"virtual-office-geschaeftsadresse-firmenadresse-mieten-muenchen","status":"publish","type":"page","link":"https:\/\/velvet-space.com\/de\/virtual-office-geschaeftsadresse-firmenadresse-mieten-muenchen\/","title":{"rendered":"FIRMENADRESSE MIETEN M\u00dcNCHEN"},"content":{"rendered":"<p>[vc_row css_animation=&#8220;&#8220; row_type=&#8220;row&#8220; use_row_as_full_screen_section=&#8220;no&#8220; type=&#8220;full_width&#8220; angled_section=&#8220;no&#8220; text_align=&#8220;left&#8220; background_image_as_pattern=&#8220;without_pattern&#8220; z_index=&#8220;&#8220;][vc_column css_animation=&#8220;fadeInUpBig&#8220; width=&#8220;1\/2&#8243; offset=&#8220;vc_hidden-sm vc_hidden-xs&#8220;]<div class=\"om_cc_vc_carouselelement_0912a8be om-cc-slider\" data-height=\"auto\" data-navigation=\"true\" data-auto=\"true\" data-rewind=\"true\" data-speed=\"1000\" data-rewind-speed=\"1000\" data-onhover-stop=\"false\" data-om-slider=\"\"><a itemprop=\"image\"><img src=\"https:\/\/velvet-space.com\/wp-content\/uploads\/2020\/04\/Velvet_Space.jpg\" alt=\"virtual office munich\"\/><\/a><a itemprop=\"image\"><img src=\"https:\/\/velvet-space.com\/wp-content\/uploads\/2020\/04\/Velvet_Space_2jpg.jpg\" alt=\"velvet space outdoor area\"\/><\/a><a itemprop=\"image\"><img src=\"https:\/\/velvet-space.com\/wp-content\/uploads\/2020\/04\/Briefkasten.jpg\" alt=\"coworking virtual office\"\/><\/a><a itemprop=\"image\"><img src=\"https:\/\/velvet-space.com\/wp-content\/uploads\/2019\/09\/04_velvet_space.jpg\" alt=\"coworking space coffee station\"\/><\/a><a itemprop=\"image\"><img src=\"https:\/\/velvet-space.com\/wp-content\/uploads\/2020\/04\/velvet_space_opening-scaled.jpg\" alt=\"velvet space sign\"\/><\/a><a itemprop=\"image\"><img src=\"https:\/\/velvet-space.com\/wp-content\/uploads\/2019\/09\/Velvet_Space-15.jpg\" alt=\"day pass in coworking space\"\/><\/a><\/div>[\/vc_column][vc_column css_animation=&#8220;fadeInDownBig&#8220; width=&#8220;1\/2&#8243; css=&#8220;.vc_custom_1559056996047{padding-right: 50px !important;padding-left: 50px !important;background-color: #fff8f0 !important;background-position: center !important;background-repeat: no-repeat !important;background-size: cover !important;}&#8220; offset=&#8220;vc_hidden-sm vc_hidden-xs&#8220;][vc_row_inner row_type=&#8220;row&#8220; type=&#8220;full_width&#8220; text_align=&#8220;left&#8220; css_animation=&#8220;&#8220;][vc_column_inner][vc_empty_space height=&#8220;30px&#8220; css=&#8220;.vc_custom_1592915833402{background-position: center !important;background-repeat: no-repeat !important;background-size: cover !important;}&#8220;][\/vc_column_inner][\/vc_row_inner][vc_column_text]<\/p>\n<p style=\"text-align: center; color: #c4a747; font-size: 17px; font-weight: 400;\">&#8222;TASTE OF LONG DISTANCE&#8220;<\/p>\n<p>[\/vc_column_text][vc_empty_space height=&#8220;30px&#8220;][vc_column_text]<\/p>\n<h1 style=\"text-align: center;\">FIRMENADRESSE MIETEN M\u00dcNCHEN<\/h1>\n<p>[\/vc_column_text][vc_empty_space height=&#8220;30px&#8220;][vc_column_text]<\/p>\n<h2 style=\"text-align: center;\"><strong><span style=\"color: #c4a747;\">\u20ac<\/span> 100 <span style=\"color: #c4a747;\">|<\/span> Monat<\/strong><\/h2>\n<p>[\/vc_column_text][vc_empty_space height=&#8220;5px&#8220;][vc_column_text]<\/p>\n<p style=\"font-family: Capita-RegularItalic; color: #6e9077; text-align: center;\">Preis exkl. 19% USt<\/p>\n<p>[\/vc_column_text][vc_empty_space height=&#8220;50px&#8220;][vc_column_text]<\/p>\n<p style=\"font-weight: 300; font-size: 16px;\">Du bist st\u00e4ndig unterwegs, brauchst aber eine Heimatbasis, auf die du dich beziehen kannst? Dann bist du hier genau richtig. Wir k\u00fcmmern uns um deine Post und sind dein virtuelles B\u00fcro in M\u00fcnchen. Bei dieser Mitgliedschaft ist inklusive:<\/p>\n<p>[\/vc_column_text][vc_empty_space height=&#8220;30px&#8220;][vc_column_text]<\/p>\n<ul style=\"font-family: Capita-RegularItalic; color: #6e9077;\">\n<li><span class=\"\">Repr\u00e4sentative Gesch\u00e4ftsadresse in M\u00fcnchen f\u00fcr die professionelle Au\u00dfendarstellung<\/span><\/li>\n<li><span class=\"\">Briefkastennutzung inklusive eigenem Firmenschild<\/span><\/li>\n<li><span class=\"\">W\u00f6chentliche Postweiterleitung<\/span><\/li>\n<li><span class=\"\">Ein Tagespass pro Monat im Wert von 25\u20ac inklusive, um einen Tag im velvet space zu arbeiten (inklusive Kaffee in Barista Qualit\u00e4t)<\/span><\/li>\n<li>Monatlich k\u00fcndbar<\/li>\n<li>One Coworking Mitgliedschaft (du erh\u00e4ltst einen kostenlosen Tagespass pro Monat f\u00fcr eins von unseren Partner Coworking Spaces weltweit)<\/li>\n<\/ul>\n<p>[\/vc_column_text][vc_empty_space height=&#8220;30px&#8220;]<a  itemprop=\"url\" href=\"https:\/\/velvet-space.com\/de\/mitgliedschaft-anfragen\/\" target=\"_blank\"  class=\"qbutton  default\" style=\"\">ANFRAGEN<\/a><a  itemprop=\"url\" href=\"tel:+498920179292\" target=\"_blank\"  class=\"qbutton  default\" style=\"\">TELEFONISCH BERATEN LASSEN<\/a>[vc_empty_space height=&#8220;30px&#8220;][vc_column_text css=&#8220;.vc_custom_1558349789502{padding-right: 3% !important;padding-bottom: 3% !important;}&#8220;]<\/p>\n<p style=\"font-size: 12px; text-align: left;\">Noch kein\u00a0<strong style=\"color: #c4a747;\">velvet space<\/strong>\u00a0Mitglied? Registriere dich jetzt hier<em>: <\/em><strong><a href=\"https:\/\/velvetspace.spaces.nexudus.com\/en\/signup\" target=\"_blank\" rel=\"noopener noreferrer\">Zur Registrierung<\/a>. <\/strong>Sobald die Registrierung vollendet ist, erh\u00e4ltst du Zugang zum Mitgliederbereich und kannst von den Vorteilen profitieren sowie den Buchungsprozess f\u00fcr alle unsere Angebote abschlie\u00dfen.<\/p>\n<p>[\/vc_column_text][vc_empty_space height=&#8220;50px&#8220;][vc_column_text]<\/p>\n<h2>H\u00e4ufig gestellte Fragen<\/h2>\n<p>[\/vc_column_text][vc_empty_space height=&#8220;30px&#8220;][vc_column_text]<\/p>\n<h5><strong>1. HABT IHR SOWAS WIE EINE ANMELDEGEB\u00dcHR F\u00dcR DEN ERSTEN MONAT?<\/strong><\/h5>\n<p>[\/vc_column_text][vc_separator css_animation=&#8220;slideInLeft&#8220; type=&#8220;small&#8220; position=&#8220;left&#8220; color=&#8220;#c4a747&#8243; transparency=&#8220;8&#8243; thickness=&#8220;1&#8243; width=&#8220;70px&#8220;][vc_column_text]<strong>N<\/strong>ein, bei uns gibt es keine versteckten Kosten, daher sind unsere Mitgliedschaften All-Inclusive sodass keine zus\u00e4tzliche Geb\u00fchren anfallen.[\/vc_column_text][vc_empty_space height=&#8220;30px&#8220;][vc_column_text]<\/p>\n<h5><strong>2. WAS HABE ICH F\u00dcR ZAHLUNGSOPTIONEN?<\/strong><\/h5>\n<p>[\/vc_column_text][vc_separator css_animation=&#8220;slideInLeft&#8220; type=&#8220;small&#8220; position=&#8220;left&#8220; color=&#8220;#c4a747&#8243; transparency=&#8220;8&#8243; thickness=&#8220;1&#8243; width=&#8220;70px&#8220;][vc_column_text]<strong>B<\/strong>ei uns hast du verschiedene Zahlungsm\u00f6glichkeiten. Du kannst vor Ort bar oder mit Karte zahlen (Debit-\/Kreditkarte) oder wir schicken dir eine Rechnung per Email die du \u00fcberweisen kannst.[\/vc_column_text][vc_empty_space height=&#8220;30px&#8220;][vc_column_text]<\/p>\n<h5>3. <span class=\"s1\">AUS WELCHEM BEREICH KOMMEN DIE MEISTEN EURER MITGLIEDER?<\/span><\/h5>\n<p>[\/vc_column_text][vc_separator css_animation=&#8220;slideInLeft&#8220; type=&#8220;small&#8220; position=&#8220;left&#8220; color=&#8220;#c4a747&#8243; transparency=&#8220;8&#8243; thickness=&#8220;1&#8243; width=&#8220;70px&#8220;][vc_column_text]<\/p>\n<div class=\"vc_empty_space\">\n<div class=\"wpb_text_column wpb_content_element \">\n<div class=\"wpb_wrapper\">\n<p><strong>I<\/strong>m velvet space freuen wir uns \u00fcber Gleichgesinnte, von Startups, Freiberuflern und jungen Gr\u00fcndern und Gr\u00fcnderinnen bis hin zu etablierten Unternehmen. Bei uns wird keine bestimmte Branche bevorzugt, sondern wir freuen uns auf eine bunte Mischung, sodass wir uns gegenseitig inspirieren k\u00f6nnen und den h\u00f6chsten Nutzen f\u00fcreinander generieren.<\/div>\n<\/div>\n<\/div>\n<p>[\/vc_column_text][vc_empty_space height=&#8220;30px&#8220;][vc_column_text]<\/p>\n<div class=\"wpb_text_column wpb_content_element \">\n<div class=\"wpb_wrapper\">\n<p>Hast du noch Fragen?<a href=\"https:\/\/velvet-space.com\/de\/kontakt\/\"> Schreib uns gerne eine Nachricht.<\/a><\/div>\n<\/div>\n<p>[\/vc_column_text][vc_empty_space height=&#8220;30px&#8220;]<a  itemprop=\"url\" href=\"https:\/\/velvet-space.com\/de\/kontakt\/\" target=\"_blank\"  class=\"qbutton  default\" style=\"\">KONTAKTIEREN<\/a>[vc_empty_space height=&#8220;30px&#8220;][\/vc_column][\/vc_row][vc_row css_animation=&#8220;&#8220; row_type=&#8220;row&#8220; use_row_as_full_screen_section=&#8220;no&#8220; type=&#8220;full_width&#8220; angled_section=&#8220;no&#8220; text_align=&#8220;left&#8220; background_image_as_pattern=&#8220;without_pattern&#8220; z_index=&#8220;&#8220;][vc_column css_animation=&#8220;fadeInUpBig&#8220; css=&#8220;.vc_custom_1618856550097{padding-top: 0px !important;padding-right: 10% !important;padding-bottom: 0px !important;padding-left: 10% !important;}&#8220; offset=&#8220;vc_hidden-lg vc_hidden-md&#8220;][vc_single_image image=&#8220;18613&#8243; img_size=&#8220;full&#8220; alignment=&#8220;center&#8220; qode_css_animation=&#8220;&#8220; qode_hover_animation=&#8220;zoom_in&#8220;][vc_empty_space height=&#8220;40px&#8220; css=&#8220;.vc_custom_1617031029268{background-position: center !important;background-repeat: no-repeat !important;background-size: cover !important;}&#8220;][vc_column_text]<\/p>\n<p style=\"text-align: center; color: #c4a747; font-size: 17px; font-weight: 400;\">&#8222;TASTE OF LONG DISTANCE&#8220;<\/p>\n<p>[\/vc_column_text][vc_empty_space height=&#8220;20px&#8220;][vc_column_text]<\/p>\n<h1 style=\"text-align: center;\">FIRMENADRESSE MIETEN M\u00dcNCHEN<\/h1>\n<p>[\/vc_column_text][vc_empty_space height=&#8220;20px&#8220;][vc_column_text]<\/p>\n<h2 style=\"text-align: center;\"><strong><span style=\"color: #c4a747;\">\u20ac<\/span> 100 <span style=\"color: #c4a747;\">|<\/span> Monat<\/strong><\/h2>\n<p>[\/vc_column_text][vc_empty_space height=&#8220;5px&#8220;][vc_column_text]<\/p>\n<p style=\"font-family: Capita-RegularItalic; color: #6e9077; text-align: center;\">Preis exkl. 19% USt<\/p>\n<p>[\/vc_column_text][vc_empty_space height=&#8220;10px&#8220;][\/vc_column][\/vc_row][vc_row css_animation=&#8220;element_from_fade&#8220; row_type=&#8220;row&#8220; use_row_as_full_screen_section=&#8220;no&#8220; type=&#8220;full_width&#8220; angled_section=&#8220;no&#8220; text_align=&#8220;left&#8220; background_image_as_pattern=&#8220;without_pattern&#8220; z_index=&#8220;&#8220;][vc_column width=&#8220;1\/4&#8243;][\/vc_column][vc_column width=&#8220;3\/4&#8243; css=&#8220;.vc_custom_1618856565869{padding-right: 10% !important;padding-left: 10% !important;}&#8220; offset=&#8220;vc_hidden-lg vc_hidden-md&#8220;][vc_empty_space height=&#8220;20px&#8220;][vc_column_text]<\/p>\n<p style=\"font-weight: 300; font-size: 16px;\">Du bist st\u00e4ndig unterwegs, brauchst aber eine Heimatbasis, auf die du dich beziehen kannst? Dann bist du hier genau richtig. Wir k\u00fcmmern uns um deine Post und sind dein virtuelles B\u00fcro in M\u00fcnchen. Bei dieser Mitgliedschaft ist inklusive:<\/p>\n<p>[\/vc_column_text][vc_empty_space height=&#8220;20px&#8220;][vc_column_text]<\/p>\n<ul style=\"font-family: Capita-RegularItalic; color: #6e9077;\">\n<li><span class=\"\">Repr\u00e4sentative Gesch\u00e4ftsadresse in M\u00fcnchen f\u00fcr die professionelle Au\u00dfendarstellung<\/span><\/li>\n<li><span class=\"\">Briefkastennutzung inklusive eigenem Firmenschild<\/span><\/li>\n<li><span class=\"\">W\u00f6chentliche Postweiterleitung<\/span><\/li>\n<li><span class=\"\">Ein Tagespass pro Monat im Wert von 25\u20ac inklusive, um einen Tag im velvet space zu arbeiten (inklusive Kaffee in Barista Qualit\u00e4t)<\/span><\/li>\n<li>Monatlich k\u00fcndbar<\/li>\n<li>One Coworking Mitgliedschaft (du erh\u00e4ltst einen kostenlosen Tagespass pro Monat f\u00fcr eins von unseren Partner Coworking Spaces weltweit)<\/li>\n<\/ul>\n<p>[\/vc_column_text][vc_empty_space height=&#8220;30px&#8220;]<a  itemprop=\"url\" href=\"https:\/\/velvet-space.com\/de\/mitgliedschaft-anfragen\/\" target=\"_blank\"  class=\"qbutton  default\" style=\"\">ANFRAGEN<\/a><a  itemprop=\"url\" href=\"tel:+498920179292\" target=\"_blank\"  class=\"qbutton  default\" style=\"\">TELEFONISCH BERATEN LASSEN<\/a>[\/vc_column][\/vc_row][vc_row css_animation=&#8220;&#8220; row_type=&#8220;row&#8220; use_row_as_full_screen_section=&#8220;no&#8220; type=&#8220;full_width&#8220; angled_section=&#8220;no&#8220; text_align=&#8220;left&#8220; background_image_as_pattern=&#8220;without_pattern&#8220;][vc_column css=&#8220;.vc_custom_1618856572729{padding-right: 10% !important;padding-left: 10% !important;}&#8220; offset=&#8220;vc_hidden-lg vc_hidden-md&#8220;][vc_empty_space height=&#8220;70px&#8220;][vc_column_text]<\/p>\n<h2>H\u00e4ufig gestellte Fragen<\/h2>\n<p>[\/vc_column_text][vc_empty_space height=&#8220;30px&#8220;][vc_column_text]<\/p>\n<h5><strong>1. HABT IHR SOWAS WIE EINE ANMELDEGEB\u00dcHR F\u00dcR DEN ERSTEN MONAT?<\/strong><\/h5>\n<p>[\/vc_column_text][vc_separator css_animation=&#8220;slideInLeft&#8220; type=&#8220;small&#8220; position=&#8220;left&#8220; color=&#8220;#c4a747&#8243; transparency=&#8220;8&#8243; thickness=&#8220;1&#8243; width=&#8220;70px&#8220;][vc_column_text]<strong>N<\/strong>ein, bei uns gibt es keine versteckten Kosten, daher sind unsere Mitgliedschaften All-Inclusive sodass keine zus\u00e4tzliche Geb\u00fchren anfallen.[\/vc_column_text][vc_empty_space height=&#8220;30px&#8220;][vc_column_text]<\/p>\n<h5><strong>2. WAS HABE ICH F\u00dcR ZAHLUNGSOPTIONEN?<\/strong><\/h5>\n<p>[\/vc_column_text][vc_separator css_animation=&#8220;slideInLeft&#8220; type=&#8220;small&#8220; position=&#8220;left&#8220; color=&#8220;#c4a747&#8243; transparency=&#8220;8&#8243; thickness=&#8220;1&#8243; width=&#8220;70px&#8220;][vc_column_text]<strong>B<\/strong>ei uns hast du verschiedene Zahlungsm\u00f6glichkeiten. Du kannst vor Ort bar oder mit Karte zahlen (Debit-\/Kreditkarte) oder wir schicken dir eine Rechnung per Email die du \u00fcberweisen kannst.[\/vc_column_text][vc_empty_space height=&#8220;30px&#8220;][vc_column_text]<\/p>\n<h5>3. <span class=\"s1\">AUS WELCHEM BEREICH KOMMEN DIE MEISTEN EURER MITGLIEDER?<\/span><\/h5>\n<p>[\/vc_column_text][vc_separator css_animation=&#8220;slideInLeft&#8220; type=&#8220;small&#8220; position=&#8220;left&#8220; color=&#8220;#c4a747&#8243; transparency=&#8220;8&#8243; thickness=&#8220;1&#8243; width=&#8220;70px&#8220;][vc_column_text]<\/p>\n<div class=\"vc_empty_space\">\n<div class=\"wpb_text_column wpb_content_element \">\n<div class=\"wpb_wrapper\">\n<p><strong>I<\/strong>m velvet space freuen wir uns \u00fcber Gleichgesinnte, von Startups, Freiberuflern und jungen Gr\u00fcndern und Gr\u00fcnderinnen bis hin zu etablierten Unternehmen. Bei uns wird keine bestimmte Branche bevorzugt, sondern wir freuen uns auf eine bunte Mischung, sodass wir uns gegenseitig inspirieren k\u00f6nnen und den h\u00f6chsten Nutzen f\u00fcreinander generieren.<\/div>\n<\/div>\n<\/div>\n<p>[\/vc_column_text][vc_empty_space height=&#8220;30px&#8220;][vc_column_text]<\/p>\n<div class=\"wpb_text_column wpb_content_element \">\n<div class=\"wpb_wrapper\">\n<p>Hast du noch Fragen?<a href=\"https:\/\/velvet-space.com\/de\/kontakt\/\"> Schreib uns gerne eine Nachricht.<\/a><\/div>\n<\/div>\n<p>[\/vc_column_text][vc_empty_space height=&#8220;30px&#8220;]<a  itemprop=\"url\" href=\"https:\/\/velvet-space.com\/de\/kontakt\/\" target=\"_blank\"  class=\"qbutton  default\" style=\"\">KONTAKTIEREN<\/a>[vc_empty_space height=&#8220;40px&#8220;][\/vc_column][\/vc_row][vc_row css_animation=&#8220;&#8220; row_type=&#8220;row&#8220; use_row_as_full_screen_section=&#8220;no&#8220; type=&#8220;full_width&#8220; angled_section=&#8220;no&#8220; text_align=&#8220;left&#8220; background_image_as_pattern=&#8220;without_pattern&#8220;][vc_column css=&#8220;.vc_custom_1618576277569{border-top-width: 2px !important;background-color: #6e9077 !important;border-top-color: #c4a747 !important;border-top-style: solid !important;border-radius: 1px !important;}&#8220; offset=&#8220;vc_hidden-xs&#8220;][\/vc_column][\/vc_row]<\/p>\n","protected":false},"excerpt":{"rendered":"<p>[vc_row css_animation=&#8220;&#8220; row_type=&#8220;row&#8220; use_row_as_full_screen_section=&#8220;no&#8220; type=&#8220;full_width&#8220; angled_section=&#8220;no&#8220; text_align=&#8220;left&#8220; background_image_as_pattern=&#8220;without_pattern&#8220; z_index=&#8220;&#8220;][vc_column css_animation=&#8220;fadeInUpBig&#8220; width=&#8220;1\/2&#8243; offset=&#8220;vc_hidden-sm vc_hidden-xs&#8220;][\/vc_column][vc_column css_animation=&#8220;fadeInDownBig&#8220; width=&#8220;1\/2&#8243; css=&#8220;.vc_custom_1559056996047{padding-right: 50px !important;padding-left: 50px !important;background-color: #fff8f0 !important;background-position: center !important;background-repeat: no-repeat !important;background-size: cover !important;}&#8220; offset=&#8220;vc_hidden-sm vc_hidden-xs&#8220;][vc_row_inner row_type=&#8220;row&#8220; type=&#8220;full_width&#8220; text_align=&#8220;left&#8220; css_animation=&#8220;&#8220;][vc_column_inner][vc_empty_space height=&#8220;30px&#8220; css=&#8220;.vc_custom_1592915833402{background-position: center !important;background-repeat: no-repeat !important;background-size: cover !important;}&#8220;][\/vc_column_inner][\/vc_row_inner][vc_column_text] &#8222;TASTE OF LONG&#8230;<\/p>\n","protected":false},"author":1,"featured_media":0,"parent":0,"menu_order":0,"comment_status":"closed","ping_status":"closed","template":"full_width.php","meta":[],"yoast_head":"<!-- This site is optimized with the Yoast SEO plugin v19.4 - https:\/\/yoast.com\/wordpress\/plugins\/seo\/ -->\n<title>FIRMENADRESSE MIETEN M\u00dcNCHEN - velvet space coworking<\/title>\n<meta name=\"description\" content=\"Du bist st\u00e4ndig unterwegs, brauchst aber eine Heimatbasis, auf die du dich beziehen kannst? Dann bist du hier genau richtig. Jetzt eine Firmenadresse mieten f\u00fcr M\u00fcnchen. Bei dieser Mitgliedschaft ist inklusive:\" \/>\n<meta name=\"robots\" content=\"index, follow, max-snippet:-1, max-image-preview:large, max-video-preview:-1\" \/>\n<link rel=\"canonical\" href=\"https:\/\/velvet-space.com\/de\/virtual-office-geschaeftsadresse-firmenadresse-mieten-muenchen\/\" \/>\n<meta property=\"og:locale\" content=\"de_DE\" \/>\n<meta property=\"og:type\" content=\"article\" \/>\n<meta property=\"og:title\" content=\"FIRMENADRESSE MIETEN M\u00dcNCHEN - velvet space coworking\" \/>\n<meta property=\"og:description\" content=\"Du bist st\u00e4ndig unterwegs, brauchst aber eine Heimatbasis, auf die du dich beziehen kannst? Dann bist du hier genau richtig. Jetzt eine Firmenadresse mieten f\u00fcr M\u00fcnchen. Bei dieser Mitgliedschaft ist inklusive:\" \/>\n<meta property=\"og:url\" content=\"https:\/\/velvet-space.com\/de\/virtual-office-geschaeftsadresse-firmenadresse-mieten-muenchen\/\" \/>\n<meta property=\"og:site_name\" content=\"velvet space coworking\" \/>\n<meta property=\"article:publisher\" content=\"https:\/\/www.facebook.com\/velvetspacecoworking\/\" \/>\n<meta property=\"article:modified_time\" content=\"2026-03-06T09:02:22+00:00\" \/>\n<meta name=\"twitter:card\" content=\"summary_large_image\" \/>\n<meta name=\"twitter:label1\" content=\"Gesch\u00e4tzte Lesezeit\" \/>\n\t<meta name=\"twitter:data1\" content=\"4\u00a0Minuten\" \/>\n<script type=\"application\/ld+json\" class=\"yoast-schema-graph\">{\"@context\":\"https:\/\/schema.org\",\"@graph\":[{\"@type\":\"WebSite\",\"@id\":\"https:\/\/velvet-space.com\/de\/#website\",\"url\":\"https:\/\/velvet-space.com\/de\/\",\"name\":\"v e l v e t s p a c e\",\"description\":\"coworking in the heart of munich\",\"potentialAction\":[{\"@type\":\"SearchAction\",\"target\":{\"@type\":\"EntryPoint\",\"urlTemplate\":\"https:\/\/velvet-space.com\/de\/?s={search_term_string}\"},\"query-input\":\"required name=search_term_string\"}],\"inLanguage\":\"de\"},{\"@type\":\"WebPage\",\"@id\":\"https:\/\/velvet-space.com\/de\/virtual-office-geschaeftsadresse-firmenadresse-mieten-muenchen\/\",\"url\":\"https:\/\/velvet-space.com\/de\/virtual-office-geschaeftsadresse-firmenadresse-mieten-muenchen\/\",\"name\":\"FIRMENADRESSE MIETEN M\u00dcNCHEN - velvet space coworking\",\"isPartOf\":{\"@id\":\"https:\/\/velvet-space.com\/de\/#website\"},\"datePublished\":\"2021-01-19T18:58:28+00:00\",\"dateModified\":\"2026-03-06T09:02:22+00:00\",\"description\":\"Du bist st\u00e4ndig unterwegs, brauchst aber eine Heimatbasis, auf die du dich beziehen kannst? Dann bist du hier genau richtig. Jetzt eine Firmenadresse mieten f\u00fcr M\u00fcnchen. Bei dieser Mitgliedschaft ist inklusive:\",\"breadcrumb\":{\"@id\":\"https:\/\/velvet-space.com\/de\/virtual-office-geschaeftsadresse-firmenadresse-mieten-muenchen\/#breadcrumb\"},\"inLanguage\":\"de\",\"potentialAction\":[{\"@type\":\"ReadAction\",\"target\":[\"https:\/\/velvet-space.com\/de\/virtual-office-geschaeftsadresse-firmenadresse-mieten-muenchen\/\"]}]},{\"@type\":\"BreadcrumbList\",\"@id\":\"https:\/\/velvet-space.com\/de\/virtual-office-geschaeftsadresse-firmenadresse-mieten-muenchen\/#breadcrumb\",\"itemListElement\":[{\"@type\":\"ListItem\",\"position\":1,\"name\":\"Home\",\"item\":\"https:\/\/velvet-space.com\/de\/\"},{\"@type\":\"ListItem\",\"position\":2,\"name\":\"FIRMENADRESSE MIETEN M\u00dcNCHEN\"}]}]}<\/script>\n<!-- \/ Yoast SEO plugin. -->","yoast_head_json":{"title":"FIRMENADRESSE MIETEN M\u00dcNCHEN - velvet space coworking","description":"Du bist st\u00e4ndig unterwegs, brauchst aber eine Heimatbasis, auf die du dich beziehen kannst? Dann bist du hier genau richtig. Jetzt eine Firmenadresse mieten f\u00fcr M\u00fcnchen. Bei dieser Mitgliedschaft ist inklusive:","robots":{"index":"index","follow":"follow","max-snippet":"max-snippet:-1","max-image-preview":"max-image-preview:large","max-video-preview":"max-video-preview:-1"},"canonical":"https:\/\/velvet-space.com\/de\/virtual-office-geschaeftsadresse-firmenadresse-mieten-muenchen\/","og_locale":"de_DE","og_type":"article","og_title":"FIRMENADRESSE MIETEN M\u00dcNCHEN - velvet space coworking","og_description":"Du bist st\u00e4ndig unterwegs, brauchst aber eine Heimatbasis, auf die du dich beziehen kannst? Dann bist du hier genau richtig. Jetzt eine Firmenadresse mieten f\u00fcr M\u00fcnchen. Bei dieser Mitgliedschaft ist inklusive:","og_url":"https:\/\/velvet-space.com\/de\/virtual-office-geschaeftsadresse-firmenadresse-mieten-muenchen\/","og_site_name":"velvet space coworking","article_publisher":"https:\/\/www.facebook.com\/velvetspacecoworking\/","article_modified_time":"2026-03-06T09:02:22+00:00","twitter_card":"summary_large_image","twitter_misc":{"Gesch\u00e4tzte Lesezeit":"4\u00a0Minuten"},"schema":{"@context":"https:\/\/schema.org","@graph":[{"@type":"WebSite","@id":"https:\/\/velvet-space.com\/de\/#website","url":"https:\/\/velvet-space.com\/de\/","name":"v e l v e t s p a c e","description":"coworking in the heart of munich","potentialAction":[{"@type":"SearchAction","target":{"@type":"EntryPoint","urlTemplate":"https:\/\/velvet-space.com\/de\/?s={search_term_string}"},"query-input":"required name=search_term_string"}],"inLanguage":"de"},{"@type":"WebPage","@id":"https:\/\/velvet-space.com\/de\/virtual-office-geschaeftsadresse-firmenadresse-mieten-muenchen\/","url":"https:\/\/velvet-space.com\/de\/virtual-office-geschaeftsadresse-firmenadresse-mieten-muenchen\/","name":"FIRMENADRESSE MIETEN M\u00dcNCHEN - velvet space coworking","isPartOf":{"@id":"https:\/\/velvet-space.com\/de\/#website"},"datePublished":"2021-01-19T18:58:28+00:00","dateModified":"2026-03-06T09:02:22+00:00","description":"Du bist st\u00e4ndig unterwegs, brauchst aber eine Heimatbasis, auf die du dich beziehen kannst? Dann bist du hier genau richtig. Jetzt eine Firmenadresse mieten f\u00fcr M\u00fcnchen. Bei dieser Mitgliedschaft ist inklusive:","breadcrumb":{"@id":"https:\/\/velvet-space.com\/de\/virtual-office-geschaeftsadresse-firmenadresse-mieten-muenchen\/#breadcrumb"},"inLanguage":"de","potentialAction":[{"@type":"ReadAction","target":["https:\/\/velvet-space.com\/de\/virtual-office-geschaeftsadresse-firmenadresse-mieten-muenchen\/"]}]},{"@type":"BreadcrumbList","@id":"https:\/\/velvet-space.com\/de\/virtual-office-geschaeftsadresse-firmenadresse-mieten-muenchen\/#breadcrumb","itemListElement":[{"@type":"ListItem","position":1,"name":"Home","item":"https:\/\/velvet-space.com\/de\/"},{"@type":"ListItem","position":2,"name":"FIRMENADRESSE MIETEN M\u00dcNCHEN"}]}]}},"_links":{"self":[{"href":"https:\/\/velvet-space.com\/de\/wp-json\/wp\/v2\/pages\/18606"}],"collection":[{"href":"https:\/\/velvet-space.com\/de\/wp-json\/wp\/v2\/pages"}],"about":[{"href":"https:\/\/velvet-space.com\/de\/wp-json\/wp\/v2\/types\/page"}],"author":[{"embeddable":true,"href":"https:\/\/velvet-space.com\/de\/wp-json\/wp\/v2\/users\/1"}],"replies":[{"embeddable":true,"href":"https:\/\/velvet-space.com\/de\/wp-json\/wp\/v2\/comments?post=18606"}],"version-history":[{"count":91,"href":"https:\/\/velvet-space.com\/de\/wp-json\/wp\/v2\/pages\/18606\/revisions"}],"predecessor-version":[{"id":20774,"href":"https:\/\/velvet-space.com\/de\/wp-json\/wp\/v2\/pages\/18606\/revisions\/20774"}],"wp:attachment":[{"href":"https:\/\/velvet-space.com\/de\/wp-json\/wp\/v2\/media?parent=18606"}],"curies":[{"name":"wp","href":"https:\/\/api.w.org\/{rel}","templated":true}]}}