{"id":18474,"date":"2021-01-19T18:01:04","date_gmt":"2021-01-19T18:01:04","guid":{"rendered":"https:\/\/velvet-space.com\/kontakt\/"},"modified":"2021-01-19T18:03:44","modified_gmt":"2021-01-19T18:03:44","slug":"kontakt","status":"publish","type":"page","link":"https:\/\/velvet-space.com\/de\/kontakt\/","title":{"rendered":"Kontakt"},"content":{"rendered":"<p>[vc_row row_type=&#8220;parallax&#8220; parallax_content_width=&#8220;full_width&#8220; text_align=&#8220;left&#8220; full_screen_section_height=&#8220;yes&#8220; vertically_align_content_in_middle=&#8220;yes&#8220; parallax_speed=&#8220;1.5&#8243; css=&#8220;.vc_custom_1558344994841{margin-bottom: 0px !important;border-bottom-width: 0px !important;padding-bottom: 0px !important;background-position: center !important;background-repeat: no-repeat !important;background-size: cover !important;}&#8220; background_image=&#8220;16338&#8243; parallax_side_padding=&#8220;100%&#8220;][vc_column css_animation=&#8220;none&#8220; offset=&#8220;vc_hidden-md vc_hidden-sm vc_hidden-xs&#8220;][vc_row_inner row_type=&#8220;row&#8220; type=&#8220;full_width&#8220; text_align=&#8220;left&#8220; css_animation=&#8220;element_from_top&#8220;][vc_column_inner width=&#8220;1\/4&#8243;][\/vc_column_inner][vc_column_inner width=&#8220;1\/2&#8243; css=&#8220;.vc_custom_1558345175060{padding-top: 10% !important;padding-right: 10% !important;padding-bottom: 10% !important;padding-left: 10% !important;background-color: #fff8f0 !important;}&#8220;][vc_icon type=&#8220;linecons&#8220; icon_linecons=&#8220;vc_li vc_li-paperplane&#8220; color=&#8220;custom&#8220; size=&#8220;lg&#8220; align=&#8220;center&#8220; css_animation=&#8220;slideInDown&#8220; custom_color=&#8220;#c4a747&#8243;][vc_text_separator title=&#8220;SAG&#8216; HALLO!&#8220; css_animation=&#8220;fadeIn&#8220; border=&#8220;no&#8220; background_color=&#8220;#6e9077&#8243; title_color=&#8220;#fff8f0&#8243;][vc_empty_space height=&#8220;50px&#8220;][vc_raw_html]W2NvbnRhY3QtZm9ybS03IGlkPSIxNjMzNiIgdGl0bGU9IkNvbnRhY3QgRm9ybSJd[\/vc_raw_html][vc_empty_space][vc_column_text]<\/p>\n<p style=\"font-size: 12px; text-align: center;\"><strong style=\"color: #c4a747;\">velvet space<\/strong> | Amalienstr. 71, Zweites R\u00fcckgeb\u00e4ude, 80799 M\u00fcnchen<\/p>\n<p style=\"font-size: 12px; text-align: center;\">hello@velvet-space.com | +49 89 201792 92<\/p>\n<p>[\/vc_column_text][\/vc_column_inner][vc_column_inner width=&#8220;1\/4&#8243;][\/vc_column_inner][\/vc_row_inner][\/vc_column][\/vc_row][vc_row css_animation=&#8220;&#8220; row_type=&#8220;row&#8220; use_row_as_full_screen_section=&#8220;no&#8220; type=&#8220;full_width&#8220; angled_section=&#8220;no&#8220; text_align=&#8220;left&#8220; background_image_as_pattern=&#8220;without_pattern&#8220; z_index=&#8220;&#8220;][vc_column parallax=&#8220;content-moving&#8220; offset=&#8220;vc_hidden-lg&#8220; css=&#8220;.vc_custom_1557758240703{background-position: center !important;background-repeat: no-repeat !important;background-size: cover !important;}&#8220;][vc_row_inner row_type=&#8220;row&#8220; type=&#8220;full_width&#8220; text_align=&#8220;left&#8220; css_animation=&#8220;&#8220;][vc_column_inner width=&#8220;1\/6&#8243; offset=&#8220;vc_hidden-lg&#8220; css=&#8220;.vc_custom_1557408128052{padding-right: 15% !important;}&#8220;][\/vc_column_inner][vc_column_inner width=&#8220;2\/3&#8243; css=&#8220;.vc_custom_1557758020709{padding-top: 3% !important;padding-right: 10% !important;padding-bottom: 3% !important;padding-left: 10% !important;background-color: #fff8f0 !important;}&#8220; offset=&#8220;vc_hidden-lg&#8220;][vc_icon type=&#8220;linecons&#8220; icon_linecons=&#8220;vc_li vc_li-paperplane&#8220; color=&#8220;custom&#8220; size=&#8220;lg&#8220; align=&#8220;center&#8220; css_animation=&#8220;slideInDown&#8220; custom_color=&#8220;#c4a747&#8243;][vc_text_separator title=&#8220;SAG&#8216; HALLO!&#8220; css_animation=&#8220;fadeIn&#8220; border=&#8220;no&#8220; background_color=&#8220;#6e9077&#8243; title_color=&#8220;#fff8f0&#8243;][vc_empty_space height=&#8220;50px&#8220;][vc_raw_html]W2NvbnRhY3QtZm9ybS03IGlkPSIxNjMzNiIgdGl0bGU9IkNvbnRhY3QgRm9ybSJd[\/vc_raw_html][vc_empty_space height=&#8220;20px&#8220;][vc_column_text]<\/p>\n<p style=\"font-size: 12px; text-align: center;\"><strong style=\"color: #c4a747;\">velvet space<\/strong> | Amalienstr. 71, Zweites R\u00fcckgeb\u00e4ude, 80799 M\u00fcnchen<\/p>\n<p style=\"font-size: 12px; text-align: center;\">hello@velvet-space.com | +49 89 201792 92<\/p>\n<p>[\/vc_column_text][\/vc_column_inner][vc_column_inner width=&#8220;1\/6&#8243; offset=&#8220;vc_hidden-lg&#8220; css=&#8220;.vc_custom_1557408132976{padding-left: 15% !important;}&#8220;][\/vc_column_inner][\/vc_row_inner][\/vc_column][\/vc_row]<\/p>\n","protected":false},"excerpt":{"rendered":"<p>[vc_row row_type=&#8220;parallax&#8220; parallax_content_width=&#8220;full_width&#8220; text_align=&#8220;left&#8220; full_screen_section_height=&#8220;yes&#8220; vertically_align_content_in_middle=&#8220;yes&#8220; parallax_speed=&#8220;1.5&#8243; css=&#8220;.vc_custom_1558344994841{margin-bottom: 0px !important;border-bottom-width: 0px !important;padding-bottom: 0px !important;background-position: center !important;background-repeat: no-repeat !important;background-size: cover !important;}&#8220; background_image=&#8220;16338&#8243; parallax_side_padding=&#8220;100%&#8220;][vc_column css_animation=&#8220;none&#8220; offset=&#8220;vc_hidden-md vc_hidden-sm vc_hidden-xs&#8220;][vc_row_inner row_type=&#8220;row&#8220; type=&#8220;full_width&#8220; text_align=&#8220;left&#8220; css_animation=&#8220;element_from_top&#8220;][vc_column_inner width=&#8220;1\/4&#8243;][\/vc_column_inner][vc_column_inner width=&#8220;1\/2&#8243; css=&#8220;.vc_custom_1558345175060{padding-top: 10% !important;padding-right: 10% !important;padding-bottom: 10% !important;padding-left: 10% !important;background-color: #fff8f0 !important;}&#8220;][vc_icon type=&#8220;linecons&#8220; icon_linecons=&#8220;vc_li&#8230;<\/p>\n","protected":false},"author":1,"featured_media":0,"parent":0,"menu_order":0,"comment_status":"open","ping_status":"closed","template":"full_width.php","meta":[],"yoast_head":"<!-- This site is optimized with the Yoast SEO plugin v19.4 - https:\/\/yoast.com\/wordpress\/plugins\/seo\/ -->\n<title>Kontakt - velvet space coworking<\/title>\n<meta name=\"description\" content=\"Wie sieht die Zukunft der Arbeit aus? Niemand kann diese Frage beantworten, aber was sicher ist, ist, dass Coworking definitiv Teil der neuen Arbeit ist!\" \/>\n<meta name=\"robots\" content=\"index, follow, max-snippet:-1, max-image-preview:large, max-video-preview:-1\" \/>\n<link rel=\"canonical\" href=\"https:\/\/velvet-space.com\/de\/kontakt\/\" \/>\n<meta property=\"og:locale\" content=\"de_DE\" \/>\n<meta property=\"og:type\" content=\"article\" \/>\n<meta property=\"og:title\" content=\"Kontakt - velvet space coworking\" \/>\n<meta property=\"og:description\" content=\"Wie sieht die Zukunft der Arbeit aus? Niemand kann diese Frage beantworten, aber was sicher ist, ist, dass Coworking definitiv Teil der neuen Arbeit ist!\" \/>\n<meta property=\"og:url\" content=\"https:\/\/velvet-space.com\/de\/kontakt\/\" \/>\n<meta property=\"og:site_name\" content=\"velvet space coworking\" \/>\n<meta property=\"article:publisher\" content=\"https:\/\/www.facebook.com\/velvetspacecoworking\/\" \/>\n<meta property=\"article:modified_time\" content=\"2021-01-19T18:03:44+00:00\" \/>\n<meta name=\"twitter:card\" content=\"summary_large_image\" \/>\n<meta name=\"twitter:label1\" content=\"Gesch\u00e4tzte Lesezeit\" \/>\n\t<meta name=\"twitter:data1\" content=\"2\u00a0Minuten\" \/>\n<script type=\"application\/ld+json\" class=\"yoast-schema-graph\">{\"@context\":\"https:\/\/schema.org\",\"@graph\":[{\"@type\":\"WebSite\",\"@id\":\"https:\/\/velvet-space.com\/de\/#website\",\"url\":\"https:\/\/velvet-space.com\/de\/\",\"name\":\"v e l v e t s p a c e\",\"description\":\"coworking in the heart of munich\",\"potentialAction\":[{\"@type\":\"SearchAction\",\"target\":{\"@type\":\"EntryPoint\",\"urlTemplate\":\"https:\/\/velvet-space.com\/de\/?s={search_term_string}\"},\"query-input\":\"required name=search_term_string\"}],\"inLanguage\":\"de\"},{\"@type\":\"WebPage\",\"@id\":\"https:\/\/velvet-space.com\/de\/kontakt\/\",\"url\":\"https:\/\/velvet-space.com\/de\/kontakt\/\",\"name\":\"Kontakt - velvet space coworking\",\"isPartOf\":{\"@id\":\"https:\/\/velvet-space.com\/de\/#website\"},\"datePublished\":\"2021-01-19T18:01:04+00:00\",\"dateModified\":\"2021-01-19T18:03:44+00:00\",\"description\":\"Wie sieht die Zukunft der Arbeit aus? Niemand kann diese Frage beantworten, aber was sicher ist, ist, dass Coworking definitiv Teil der neuen Arbeit ist!\",\"breadcrumb\":{\"@id\":\"https:\/\/velvet-space.com\/de\/kontakt\/#breadcrumb\"},\"inLanguage\":\"de\",\"potentialAction\":[{\"@type\":\"ReadAction\",\"target\":[\"https:\/\/velvet-space.com\/de\/kontakt\/\"]}]},{\"@type\":\"BreadcrumbList\",\"@id\":\"https:\/\/velvet-space.com\/de\/kontakt\/#breadcrumb\",\"itemListElement\":[{\"@type\":\"ListItem\",\"position\":1,\"name\":\"Home\",\"item\":\"https:\/\/velvet-space.com\/de\/\"},{\"@type\":\"ListItem\",\"position\":2,\"name\":\"Kontakt\"}]}]}<\/script>\n<!-- \/ Yoast SEO plugin. -->","yoast_head_json":{"title":"Kontakt - velvet space coworking","description":"Wie sieht die Zukunft der Arbeit aus? Niemand kann diese Frage beantworten, aber was sicher ist, ist, dass Coworking definitiv Teil der neuen Arbeit ist!","robots":{"index":"index","follow":"follow","max-snippet":"max-snippet:-1","max-image-preview":"max-image-preview:large","max-video-preview":"max-video-preview:-1"},"canonical":"https:\/\/velvet-space.com\/de\/kontakt\/","og_locale":"de_DE","og_type":"article","og_title":"Kontakt - velvet space coworking","og_description":"Wie sieht die Zukunft der Arbeit aus? Niemand kann diese Frage beantworten, aber was sicher ist, ist, dass Coworking definitiv Teil der neuen Arbeit ist!","og_url":"https:\/\/velvet-space.com\/de\/kontakt\/","og_site_name":"velvet space coworking","article_publisher":"https:\/\/www.facebook.com\/velvetspacecoworking\/","article_modified_time":"2021-01-19T18:03:44+00:00","twitter_card":"summary_large_image","twitter_misc":{"Gesch\u00e4tzte Lesezeit":"2\u00a0Minuten"},"schema":{"@context":"https:\/\/schema.org","@graph":[{"@type":"WebSite","@id":"https:\/\/velvet-space.com\/de\/#website","url":"https:\/\/velvet-space.com\/de\/","name":"v e l v e t s p a c e","description":"coworking in the heart of munich","potentialAction":[{"@type":"SearchAction","target":{"@type":"EntryPoint","urlTemplate":"https:\/\/velvet-space.com\/de\/?s={search_term_string}"},"query-input":"required name=search_term_string"}],"inLanguage":"de"},{"@type":"WebPage","@id":"https:\/\/velvet-space.com\/de\/kontakt\/","url":"https:\/\/velvet-space.com\/de\/kontakt\/","name":"Kontakt - velvet space coworking","isPartOf":{"@id":"https:\/\/velvet-space.com\/de\/#website"},"datePublished":"2021-01-19T18:01:04+00:00","dateModified":"2021-01-19T18:03:44+00:00","description":"Wie sieht die Zukunft der Arbeit aus? Niemand kann diese Frage beantworten, aber was sicher ist, ist, dass Coworking definitiv Teil der neuen Arbeit ist!","breadcrumb":{"@id":"https:\/\/velvet-space.com\/de\/kontakt\/#breadcrumb"},"inLanguage":"de","potentialAction":[{"@type":"ReadAction","target":["https:\/\/velvet-space.com\/de\/kontakt\/"]}]},{"@type":"BreadcrumbList","@id":"https:\/\/velvet-space.com\/de\/kontakt\/#breadcrumb","itemListElement":[{"@type":"ListItem","position":1,"name":"Home","item":"https:\/\/velvet-space.com\/de\/"},{"@type":"ListItem","position":2,"name":"Kontakt"}]}]}},"_links":{"self":[{"href":"https:\/\/velvet-space.com\/de\/wp-json\/wp\/v2\/pages\/18474"}],"collection":[{"href":"https:\/\/velvet-space.com\/de\/wp-json\/wp\/v2\/pages"}],"about":[{"href":"https:\/\/velvet-space.com\/de\/wp-json\/wp\/v2\/types\/page"}],"author":[{"embeddable":true,"href":"https:\/\/velvet-space.com\/de\/wp-json\/wp\/v2\/users\/1"}],"replies":[{"embeddable":true,"href":"https:\/\/velvet-space.com\/de\/wp-json\/wp\/v2\/comments?post=18474"}],"version-history":[{"count":8,"href":"https:\/\/velvet-space.com\/de\/wp-json\/wp\/v2\/pages\/18474\/revisions"}],"predecessor-version":[{"id":18482,"href":"https:\/\/velvet-space.com\/de\/wp-json\/wp\/v2\/pages\/18474\/revisions\/18482"}],"wp:attachment":[{"href":"https:\/\/velvet-space.com\/de\/wp-json\/wp\/v2\/media?parent=18474"}],"curies":[{"name":"wp","href":"https:\/\/api.w.org\/{rel}","templated":true}]}}