{"id":18235,"date":"2020-12-02T16:40:09","date_gmt":"2020-12-02T16:40:09","guid":{"rendered":"https:\/\/velvet-space.com\/velvet-guidelines\/"},"modified":"2020-12-02T16:40:14","modified_gmt":"2020-12-02T16:40:14","slug":"velvet-guidelines","status":"publish","type":"page","link":"https:\/\/velvet-space.com\/de\/velvet-guidelines\/","title":{"rendered":"velvet Guidelines"},"content":{"rendered":"<p>[vc_row css_animation=&#8220;&#8220; row_type=&#8220;row&#8220; use_row_as_full_screen_section=&#8220;no&#8220; type=&#8220;full_width&#8220; angled_section=&#8220;no&#8220; text_align=&#8220;left&#8220; background_image_as_pattern=&#8220;without_pattern&#8220;][vc_column css=&#8220;.vc_custom_1558348367533{padding-top: 3% !important;}&#8220;][vc_empty_space height=&#8220;30px&#8220;][vc_text_separator title=&#8220;HOW WE ROLL&#8220; css_animation=&#8220;zoomIn&#8220; border=&#8220;no&#8220; background_color=&#8220;#6e9077&#8243; title_color=&#8220;#fff8f0&#8243;][vc_empty_space height=&#8220;70px&#8220;][\/vc_column][\/vc_row][vc_row row_type=&#8220;parallax&#8220; parallax_content_width=&#8220;full_width&#8220; text_align=&#8220;left&#8220; full_screen_section_height=&#8220;yes&#8220; vertically_align_content_in_middle=&#8220;yes&#8220; background_image=&#8220;16754&#8243; parallax_speed=&#8220;1.5&#8243; parallax_side_padding=&#8220;100%&#8220; css=&#8220;.vc_custom_1556882879002{margin-bottom: 0px !important;border-bottom-width: 0px !important;padding-bottom: 0px !important;}&#8220;][vc_column css_animation=&#8220;slideInDown&#8220; css=&#8220;.vc_custom_1558348362508{margin-top: 0px !important;border-top-width: 0px !important;padding-top: 0px !important;padding-right: 1% !important;}&#8220;][vc_row_inner row_type=&#8220;row&#8220; type=&#8220;full_width&#8220; text_align=&#8220;left&#8220; css_animation=&#8220;&#8220;][vc_column_inner width=&#8220;1\/6&#8243;][\/vc_column_inner][vc_column_inner width=&#8220;2\/3&#8243; css=&#8220;.vc_custom_1556630170541{padding-top: 10% !important;padding-right: 10% !important;padding-bottom: 10% !important;padding-left: 10% !important;background-color: #fff8f0 !important;}&#8220;][vc_empty_space height=&#8220;40px&#8220;][vc_column_text]<\/p>\n<h5 class=\"p1\" style=\"text-align: left;\"><span class=\"s1\">(1) Nutze deinen gesunden Menschenverstand<\/span><\/h5>\n<p>[\/vc_column_text][vc_separator css_animation=&#8220;slideInLeft&#8220; type=&#8220;small&#8220; position=&#8220;left&#8220; color=&#8220;#c4a747&#8243; transparency=&#8220;8&#8243; thickness=&#8220;1&#8243; width=&#8220;70px&#8220;][vc_column_text]<\/p>\n<p class=\"p1\"><span class=\"s1\"><strong>A<\/strong>llgemein gilt: Verlasse die R\u00e4umlichkeiten so, wie du sie selber gerne vorfinden w\u00fcrdest. Niemand<br \/>\nist daran interessiert, die \u00dcberbleibsel deines Mittagessens auf dem Tisch anzutreffen. <\/span><\/p>\n<p class=\"p1\"><span class=\"s1\">Bitte denk dran nach dir aufzur\u00e4umen um den space sauber zu halten..<\/span><\/p>\n<p>[\/vc_column_text][vc_empty_space height=&#8220;50px&#8220;][vc_column_text]<\/p>\n<h5 class=\"p1\"><span class=\"s1\">(2) Genussvolles und gleichzeitig respektvolles Miteinander<\/span><\/h5>\n<p>[\/vc_column_text][vc_separator css_animation=&#8220;slideInLeft&#8220; type=&#8220;small&#8220; position=&#8220;left&#8220; color=&#8220;#c4a747&#8243; transparency=&#8220;8&#8243; thickness=&#8220;1&#8243; width=&#8220;70px&#8220;][vc_column_text]<\/p>\n<p class=\"p1\"><span class=\"s1\"><strong>K<\/strong>onversationen f\u00fchren, gemeinsam lachen oder zu telefonieren sind mit ziemlicher Sicherheit Teil<br \/>\ndeines Arbeitsalltags bei velvet space und das soll auch so bleiben. Bitte denke nur daran, dass<br \/>\nandere gegebenenfalls einen Moment der Ruhe brauchen.<\/span><\/p>\n<p class=\"p1\"><span class=\"s1\">Verhalte dich einfach kollegial und hab ein Auge auf die Leute in deiner Umgebung.<\/span><\/p>\n<p>[\/vc_column_text][vc_empty_space height=&#8220;50px&#8220;][vc_column_text]<\/p>\n<h5 class=\"p1\"><span class=\"s1\">(3) Der Schl\u00fcssel zum gemeinsamen Erfolg><\/h5>\n<p>[\/vc_column_text][vc_separator css_animation=&#8220;slideInLeft&#8220; type=&#8220;small&#8220; position=&#8220;left&#8220; color=&#8220;#c4a747&#8243; transparency=&#8220;8&#8243; thickness=&#8220;1&#8243; width=&#8220;70px&#8220;][vc_column_text]<\/p>\n<p class=\"p1\"><span class=\"s1\"><strong>W<\/strong>ir werden immer versuchen, das alles zu deiner vollen Zufriedenheit ist, von einem mit Getr\u00e4nken<br \/>\ngef\u00fcllten K\u00fchlschrank bis hin zu positiven Office Vibes. Sollte der unerfreuliche Fall, dass etwas fehlt,<br \/>\ndoch einmal eintreffen, w\u00fcrden wir es besonders guthei\u00dfen, einen kurzen Hinweis zu erhalten, damit<br \/>\nwir uns um alles weitere k\u00fcmmern k\u00f6nnen. <\/span><\/p>\n<p class=\"p1\"><span class=\"s1\">Jegliche Vorschl\u00e4ge sind mehr als willkommen.<\/span><\/p>\n<p>[\/vc_column_text][vc_empty_space height=&#8220;50px&#8220;][vc_column_text]<\/p>\n<h5 class=\"p1\"><span class=\"s1\">(4) Gr\u00fcne Denkweise<\/span><\/h5>\n<p>[\/vc_column_text][vc_separator css_animation=&#8220;slideInLeft&#8220; type=&#8220;small&#8220; position=&#8220;left&#8220; color=&#8220;#c4a747&#8243; transparency=&#8220;8&#8243; thickness=&#8220;1&#8243; width=&#8220;70px&#8220;][vc_column_text]<\/p>\n<p class=\"p1\"><span class=\"s1\"><strong>E<\/strong>ine der S\u00e4ulen der CoWorking Bewegung ist Nachhaltigkeit. Hier bei velvet space, wollen wir<br \/>\nm\u00f6glichst gr\u00fcn handeln. <\/span><\/p>\n<p class=\"p1\"><span class=\"s1\">Deshalb bef\u00fcrworten wir, wenn du durch kleine Dinge, wie deinen M\u00fcll zu<br \/>\ntrennen und das Licht auszumachen wenn du den Raum verl\u00e4sst, deinen Beitrag leistest.<\/span><\/p>\n<p>[\/vc_column_text][vc_empty_space height=&#8220;50px&#8220;][vc_column_text]<\/p>\n<h5 class=\"p1\"><span class=\"s1\">(5) Digital for the win<\/span><\/h5>\n<p>[\/vc_column_text][vc_separator css_animation=&#8220;slideInLeft&#8220; type=&#8220;small&#8220; position=&#8220;left&#8220; color=&#8220;#c4a747&#8243; transparency=&#8220;8&#8243; thickness=&#8220;1&#8243; width=&#8220;70px&#8220;][vc_column_text]<\/p>\n<p class=\"p1\"><span class=\"s1\"><strong>D<\/strong>Denke an die B\u00e4ume und die Umwelt, bevor du dich entscheidest etwas zu drucken. Wir berechnen<br \/>\nkeine Geb\u00fchren f\u00fcr die Nutzung und verstehen vollkommen, dass man manchmal nicht den<br \/>\npapierlosen Weg w\u00e4hlen kann. <\/span><\/p>\n<p class=\"p1\"><span class=\"s1\">Bitte versuche dich jedoch auf ein Minimum zu reduzieren, damit wir<br \/>\nunsere Fair Use Policy beibehalten k\u00f6nnen.<\/span><\/p>\n<p>[\/vc_column_text][vc_empty_space height=&#8220;50px&#8220;][vc_column_text]<\/p>\n<h5 class=\"p1\"><span class=\"s1\">People over pets <\/span><\/h5>\n<p>[\/vc_column_text][vc_separator css_animation=&#8220;slideInLeft&#8220; type=&#8220;small&#8220; position=&#8220;left&#8220; color=&#8220;#c4a747&#8243; transparency=&#8220;8&#8243; thickness=&#8220;1&#8243; width=&#8220;70px&#8220;][vc_column_text]<\/p>\n<p class=\"p1\"><span class=\"s1\"><strong>W<\/strong>ir lieben Haustiere genauso sehr wie du, aber f\u00fcr den Fall, dass eines unserer Mitglieder eine Allergie<br \/>\nhat oder sich unwohl f\u00fchlt, m\u00fcssen wir dich leider bitten, dein Liebling nicht mehr in unsere<br \/>\nR\u00e4umlichkeiten mitzubringen.<\/span><\/p>\n<p>[\/vc_column_text][vc_empty_space height=&#8220;50px&#8220;][vc_column_text]<\/p>\n<h5 class=\"p1\"><span class=\"s1\">Sharing is caring<\/span><\/h5>\n<p>[\/vc_column_text][vc_separator css_animation=&#8220;slideInLeft&#8220; type=&#8220;small&#8220; position=&#8220;left&#8220; color=&#8220;#c4a747&#8243; transparency=&#8220;8&#8243; thickness=&#8220;1&#8243; width=&#8220;70px&#8220;][vc_column_text]<\/p>\n<p class=\"p1\"><span class=\"s1\"><strong>U<\/strong>nsere Community lebt unter anderem von Mundpropaganda. Wieso nicht anderen von deinen<br \/>\nErfahrungen bei velvet space erz\u00e4hlen? Wir begr\u00fc\u00dfen jegliche Kommentare, Bewertungen und<br \/>\nShares in den sozialen Netzwerken unter der Verwendung unseres Hashtags <em><strong>#thevelvetwayofwork<\/strong><\/em>. <\/span><\/p>\n<p class=\"p1\"><span class=\"s1\">Denk daran, dass Weiterempfehlungen auch belohnt werden.<\/span><\/p>\n<p>[\/vc_column_text][vc_empty_space height=&#8220;50px&#8220;][\/vc_column_inner][vc_column_inner width=&#8220;1\/6&#8243;][\/vc_column_inner][\/vc_row_inner][\/vc_column][\/vc_row]<\/p>\n","protected":false},"excerpt":{"rendered":"<p>[vc_row css_animation=&#8220;&#8220; row_type=&#8220;row&#8220; use_row_as_full_screen_section=&#8220;no&#8220; type=&#8220;full_width&#8220; angled_section=&#8220;no&#8220; text_align=&#8220;left&#8220; background_image_as_pattern=&#8220;without_pattern&#8220;][vc_column css=&#8220;.vc_custom_1558348367533{padding-top: 3% !important;}&#8220;][vc_empty_space height=&#8220;30px&#8220;][vc_text_separator title=&#8220;HOW WE ROLL&#8220; css_animation=&#8220;zoomIn&#8220; border=&#8220;no&#8220; background_color=&#8220;#6e9077&#8243; title_color=&#8220;#fff8f0&#8243;][vc_empty_space height=&#8220;70px&#8220;][\/vc_column][\/vc_row][vc_row row_type=&#8220;parallax&#8220; parallax_content_width=&#8220;full_width&#8220; text_align=&#8220;left&#8220; full_screen_section_height=&#8220;yes&#8220; vertically_align_content_in_middle=&#8220;yes&#8220; background_image=&#8220;16754&#8243; parallax_speed=&#8220;1.5&#8243; parallax_side_padding=&#8220;100%&#8220; css=&#8220;.vc_custom_1556882879002{margin-bottom: 0px !important;border-bottom-width: 0px !important;padding-bottom: 0px !important;}&#8220;][vc_column css_animation=&#8220;slideInDown&#8220; css=&#8220;.vc_custom_1558348362508{margin-top: 0px !important;border-top-width: 0px !important;padding-top: 0px !important;padding-right: 1% !important;}&#8220;][vc_row_inner&#8230;<\/p>\n","protected":false},"author":1,"featured_media":0,"parent":0,"menu_order":0,"comment_status":"open","ping_status":"closed","template":"full_width.php","meta":[],"yoast_head":"<!-- This site is optimized with the Yoast SEO plugin v19.4 - https:\/\/yoast.com\/wordpress\/plugins\/seo\/ -->\n<title>velvet Guidelines - velvet space coworking<\/title>\n<meta name=\"robots\" content=\"index, follow, max-snippet:-1, max-image-preview:large, max-video-preview:-1\" \/>\n<link rel=\"canonical\" href=\"https:\/\/velvet-space.com\/de\/velvet-guidelines\/\" \/>\n<meta property=\"og:locale\" content=\"de_DE\" \/>\n<meta property=\"og:type\" content=\"article\" \/>\n<meta property=\"og:title\" content=\"velvet Guidelines - velvet space coworking\" \/>\n<meta property=\"og:description\" content=\"[vc_row css_animation=&#8220;&#8220; row_type=&#8220;row&#8220; use_row_as_full_screen_section=&#8220;no&#8220; type=&#8220;full_width&#8220; angled_section=&#8220;no&#8220; text_align=&#8220;left&#8220; background_image_as_pattern=&#8220;without_pattern&#8220;][vc_column css=&#8220;.vc_custom_1558348367533{padding-top: 3% !important;}&#8220;][vc_empty_space height=&#8220;30px&#8220;][vc_text_separator title=&#8220;HOW WE ROLL&#8220; css_animation=&#8220;zoomIn&#8220; border=&#8220;no&#8220; background_color=&#8220;#6e9077&#8243; title_color=&#8220;#fff8f0&#8243;][vc_empty_space height=&#8220;70px&#8220;][\/vc_column][\/vc_row][vc_row row_type=&#8220;parallax&#8220; parallax_content_width=&#8220;full_width&#8220; text_align=&#8220;left&#8220; full_screen_section_height=&#8220;yes&#8220; vertically_align_content_in_middle=&#8220;yes&#8220; background_image=&#8220;16754&#8243; parallax_speed=&#8220;1.5&#8243; parallax_side_padding=&#8220;100%&#8220; css=&#8220;.vc_custom_1556882879002{margin-bottom: 0px !important;border-bottom-width: 0px !important;padding-bottom: 0px !important;}&#8220;][vc_column css_animation=&#8220;slideInDown&#8220; css=&#8220;.vc_custom_1558348362508{margin-top: 0px !important;border-top-width: 0px !important;padding-top: 0px !important;padding-right: 1% !important;}&#8220;][vc_row_inner...\" \/>\n<meta property=\"og:url\" content=\"https:\/\/velvet-space.com\/de\/velvet-guidelines\/\" \/>\n<meta property=\"og:site_name\" content=\"velvet space coworking\" \/>\n<meta property=\"article:publisher\" content=\"https:\/\/www.facebook.com\/velvetspacecoworking\/\" \/>\n<meta property=\"article:modified_time\" content=\"2020-12-02T16:40:14+00:00\" \/>\n<meta name=\"twitter:card\" content=\"summary_large_image\" \/>\n<meta name=\"twitter:label1\" content=\"Gesch\u00e4tzte Lesezeit\" \/>\n\t<meta name=\"twitter:data1\" content=\"4\u00a0Minuten\" \/>\n<script type=\"application\/ld+json\" class=\"yoast-schema-graph\">{\"@context\":\"https:\/\/schema.org\",\"@graph\":[{\"@type\":\"WebSite\",\"@id\":\"https:\/\/velvet-space.com\/de\/#website\",\"url\":\"https:\/\/velvet-space.com\/de\/\",\"name\":\"v e l v e t s p a c e\",\"description\":\"coworking in the heart of munich\",\"potentialAction\":[{\"@type\":\"SearchAction\",\"target\":{\"@type\":\"EntryPoint\",\"urlTemplate\":\"https:\/\/velvet-space.com\/de\/?s={search_term_string}\"},\"query-input\":\"required name=search_term_string\"}],\"inLanguage\":\"de\"},{\"@type\":\"WebPage\",\"@id\":\"https:\/\/velvet-space.com\/de\/velvet-guidelines\/\",\"url\":\"https:\/\/velvet-space.com\/de\/velvet-guidelines\/\",\"name\":\"velvet Guidelines - velvet space coworking\",\"isPartOf\":{\"@id\":\"https:\/\/velvet-space.com\/de\/#website\"},\"datePublished\":\"2020-12-02T16:40:09+00:00\",\"dateModified\":\"2020-12-02T16:40:14+00:00\",\"breadcrumb\":{\"@id\":\"https:\/\/velvet-space.com\/de\/velvet-guidelines\/#breadcrumb\"},\"inLanguage\":\"de\",\"potentialAction\":[{\"@type\":\"ReadAction\",\"target\":[\"https:\/\/velvet-space.com\/de\/velvet-guidelines\/\"]}]},{\"@type\":\"BreadcrumbList\",\"@id\":\"https:\/\/velvet-space.com\/de\/velvet-guidelines\/#breadcrumb\",\"itemListElement\":[{\"@type\":\"ListItem\",\"position\":1,\"name\":\"Home\",\"item\":\"https:\/\/velvet-space.com\/de\/\"},{\"@type\":\"ListItem\",\"position\":2,\"name\":\"velvet Guidelines\"}]}]}<\/script>\n<!-- \/ Yoast SEO plugin. -->","yoast_head_json":{"title":"velvet Guidelines - velvet space coworking","robots":{"index":"index","follow":"follow","max-snippet":"max-snippet:-1","max-image-preview":"max-image-preview:large","max-video-preview":"max-video-preview:-1"},"canonical":"https:\/\/velvet-space.com\/de\/velvet-guidelines\/","og_locale":"de_DE","og_type":"article","og_title":"velvet Guidelines - velvet space coworking","og_description":"[vc_row css_animation=&#8220;&#8220; row_type=&#8220;row&#8220; use_row_as_full_screen_section=&#8220;no&#8220; type=&#8220;full_width&#8220; angled_section=&#8220;no&#8220; text_align=&#8220;left&#8220; background_image_as_pattern=&#8220;without_pattern&#8220;][vc_column css=&#8220;.vc_custom_1558348367533{padding-top: 3% !important;}&#8220;][vc_empty_space height=&#8220;30px&#8220;][vc_text_separator title=&#8220;HOW WE ROLL&#8220; css_animation=&#8220;zoomIn&#8220; border=&#8220;no&#8220; background_color=&#8220;#6e9077&#8243; title_color=&#8220;#fff8f0&#8243;][vc_empty_space height=&#8220;70px&#8220;][\/vc_column][\/vc_row][vc_row row_type=&#8220;parallax&#8220; parallax_content_width=&#8220;full_width&#8220; text_align=&#8220;left&#8220; full_screen_section_height=&#8220;yes&#8220; vertically_align_content_in_middle=&#8220;yes&#8220; background_image=&#8220;16754&#8243; parallax_speed=&#8220;1.5&#8243; parallax_side_padding=&#8220;100%&#8220; css=&#8220;.vc_custom_1556882879002{margin-bottom: 0px !important;border-bottom-width: 0px !important;padding-bottom: 0px !important;}&#8220;][vc_column css_animation=&#8220;slideInDown&#8220; css=&#8220;.vc_custom_1558348362508{margin-top: 0px !important;border-top-width: 0px !important;padding-top: 0px !important;padding-right: 1% !important;}&#8220;][vc_row_inner...","og_url":"https:\/\/velvet-space.com\/de\/velvet-guidelines\/","og_site_name":"velvet space coworking","article_publisher":"https:\/\/www.facebook.com\/velvetspacecoworking\/","article_modified_time":"2020-12-02T16:40:14+00:00","twitter_card":"summary_large_image","twitter_misc":{"Gesch\u00e4tzte Lesezeit":"4\u00a0Minuten"},"schema":{"@context":"https:\/\/schema.org","@graph":[{"@type":"WebSite","@id":"https:\/\/velvet-space.com\/de\/#website","url":"https:\/\/velvet-space.com\/de\/","name":"v e l v e t s p a c e","description":"coworking in the heart of munich","potentialAction":[{"@type":"SearchAction","target":{"@type":"EntryPoint","urlTemplate":"https:\/\/velvet-space.com\/de\/?s={search_term_string}"},"query-input":"required name=search_term_string"}],"inLanguage":"de"},{"@type":"WebPage","@id":"https:\/\/velvet-space.com\/de\/velvet-guidelines\/","url":"https:\/\/velvet-space.com\/de\/velvet-guidelines\/","name":"velvet Guidelines - velvet space coworking","isPartOf":{"@id":"https:\/\/velvet-space.com\/de\/#website"},"datePublished":"2020-12-02T16:40:09+00:00","dateModified":"2020-12-02T16:40:14+00:00","breadcrumb":{"@id":"https:\/\/velvet-space.com\/de\/velvet-guidelines\/#breadcrumb"},"inLanguage":"de","potentialAction":[{"@type":"ReadAction","target":["https:\/\/velvet-space.com\/de\/velvet-guidelines\/"]}]},{"@type":"BreadcrumbList","@id":"https:\/\/velvet-space.com\/de\/velvet-guidelines\/#breadcrumb","itemListElement":[{"@type":"ListItem","position":1,"name":"Home","item":"https:\/\/velvet-space.com\/de\/"},{"@type":"ListItem","position":2,"name":"velvet Guidelines"}]}]}},"_links":{"self":[{"href":"https:\/\/velvet-space.com\/de\/wp-json\/wp\/v2\/pages\/18235"}],"collection":[{"href":"https:\/\/velvet-space.com\/de\/wp-json\/wp\/v2\/pages"}],"about":[{"href":"https:\/\/velvet-space.com\/de\/wp-json\/wp\/v2\/types\/page"}],"author":[{"embeddable":true,"href":"https:\/\/velvet-space.com\/de\/wp-json\/wp\/v2\/users\/1"}],"replies":[{"embeddable":true,"href":"https:\/\/velvet-space.com\/de\/wp-json\/wp\/v2\/comments?post=18235"}],"version-history":[{"count":5,"href":"https:\/\/velvet-space.com\/de\/wp-json\/wp\/v2\/pages\/18235\/revisions"}],"predecessor-version":[{"id":18242,"href":"https:\/\/velvet-space.com\/de\/wp-json\/wp\/v2\/pages\/18235\/revisions\/18242"}],"wp:attachment":[{"href":"https:\/\/velvet-space.com\/de\/wp-json\/wp\/v2\/media?parent=18235"}],"curies":[{"name":"wp","href":"https:\/\/api.w.org\/{rel}","templated":true}]}}